{"id":3980,"date":"2024-06-14T07:58:04","date_gmt":"2024-06-14T11:58:04","guid":{"rendered":"https:\/\/feelfabulous.ca\/sitemap\/"},"modified":"2026-03-24T10:17:33","modified_gmt":"2026-03-24T14:17:33","slug":"sitemap","status":"publish","type":"page","link":"https:\/\/feelfabulous.ca\/fr\/sitemap\/","title":{"rendered":"Sitemap"},"content":{"rendered":"\t\t<div data-elementor-type=\"wp-page\" data-elementor-id=\"3980\" class=\"elementor elementor-3980 elementor-2\" data-elementor-post-type=\"page\">\n\t\t\t\t<div class=\"elementor-element elementor-element-4e482b9 e-flex e-con-boxed e-con e-parent\" data-id=\"4e482b9\" data-element_type=\"container\">\n\t\t\t\t\t<div class=\"e-con-inner\">\n\t\t<div class=\"elementor-element elementor-element-ded0a1e e-flex e-con-boxed e-con e-child\" data-id=\"ded0a1e\" data-element_type=\"container\">\n\t\t\t\t\t<div class=\"e-con-inner\">\n\t\t\t\t<div class=\"elementor-element elementor-element-6359f92f elementor-widget elementor-widget-text-editor\" data-id=\"6359f92f\" data-element_type=\"widget\" data-widget_type=\"text-editor.default\">\n\t\t\t\t<div class=\"elementor-widget-container\">\n\t\t\t<style>\/*! elementor - v3.21.0 - 26-05-2024 *\/\n.elementor-widget-text-editor.elementor-drop-cap-view-stacked .elementor-drop-cap{background-color:#69727d;color:#fff}.elementor-widget-text-editor.elementor-drop-cap-view-framed .elementor-drop-cap{color:#69727d;border:3px solid;background-color:transparent}.elementor-widget-text-editor:not(.elementor-drop-cap-view-default) .elementor-drop-cap{margin-top:8px}.elementor-widget-text-editor:not(.elementor-drop-cap-view-default) .elementor-drop-cap-letter{width:1em;height:1em}.elementor-widget-text-editor .elementor-drop-cap{float:left;text-align:center;line-height:1;font-size:50px}.elementor-widget-text-editor .elementor-drop-cap-letter{display:inline-block}<\/style>\t\t\t\t<p>\u00a0<\/p><p style=\"font-size: 50px; text-align: left;\"><strong>Plan du site<\/strong><\/p><ul><li><a href=\"https:\/\/feelfabulous.ca\/fr\">Accueil<\/a><ul><li><a href=\"https:\/\/feelfabulous.ca\/fr\/gallery\/\">Galerie<\/a><\/li><li><a href=\"https:\/\/feelfabulous.ca\/fr\/subscribe\/\">S&#8217;abonner<\/a><\/li><li><a href=\"https:\/\/feelfabulous.ca\/fr\/deposit\/\">Acompte<\/a><\/li><li><a href=\"https:\/\/feelfabulous.ca\/fr\/cleanliness-and-safety\/\">Normes de propret\u00e9 et de s\u00e9curit\u00e9<\/a><\/li><li><a href=\"https:\/\/www.punchbowl.com\/invitations\/category\/feel-fabulous\" target=\"_blank\" rel=\"noopener\">Cr\u00e9ez votre propre invitation<\/a><\/li><li><a href=\"https:\/\/feelfabulous.ca\/fr\/privacy-policy\/\">Politique de confidentialit\u00e9<\/a><\/li><\/ul><\/li><li><a href=\"https:\/\/feelfabulous.ca\/fr\/enfant\/\">Enfants<\/a><\/li><li><a href=\"https:\/\/feelfabulous.ca\/fr\/adultes\/\">Adultes<\/a><\/li><li><a href=\"https:\/\/feelfabulous.ca\/fr\/faqs\/\">FAQ<\/a><\/li><li><a href=\"https:\/\/feelfabulous.ca\/fr\/blog\/\">Blog<\/a><ul><li style=\"list-style-type: none;\"><ul><li><h4 class=\"bdt-post-block-title\"><a class=\"bdt-post-block-link\" title=\"Feel Fabulous Mobile Spa : emplacements partout au Canada | Contact et zones desservies\" href=\"https:\/\/feelfabulous.ca\/fr\/feel-fabulous-mobile-spa-emplacements-partout-au-canada-contact-et-zones-desservies\/\">Feel Fabulous Mobile Spa : emplacements partout au Canada | Contact et zones desservies<\/a><\/h4><\/li><li><a href=\"https:\/\/feelfabulous.ca\/fr\/pourquoi-choisir-feel-fabulous-mobile-spa-pour-les-fetes-danniversaire-spa-mobiles-pour-enfants-et-ados\/\">Pourquoi choisir Feel Fabulous Mobile Spa pour les f\u00eates d\u2019anniversaire spa mobiles pour enfants et ados<\/a><\/li><li><a href=\"https:\/\/feelfabulous.ca\/fr\/pourquoi-la-proprete-et-la-securite-sont-importantes-lors-du-choix-dune-fete-spa-mobile\/\">Pourquoi la propret\u00e9 et la s\u00e9curit\u00e9 sont importantes lors du choix d\u2019une f\u00eate spa mobile<\/a><\/li><li><a href=\"https:\/\/feelfabulous.ca\/fr\/services-de-spa-mobile-pour-les-enterrements-de-vie-de-jeune-fille-et-les-fetes-prenuptiales-a-montreal-quebec\/\">Chouchoutez la future mari\u00e9e : services de spa mobiles pour les enterrements de vie de jeune fille et les f\u00eates pr\u00e9nuptiales \u00e0 Montr\u00e9al, Qu\u00e9bec<\/a><\/li><li><a href=\"https:\/\/feelfabulous.ca\/fr\/services-de-spa-mobile-pour-les-enterrements-de-vie-de-jeune-fille-et-les-fetes-prenuptiales-a-montreal-quebec\/\">Offrez-vous une exp\u00e9rience spa VIP \u00e0 Calgary, en Alberta<\/a><\/li><li><a href=\"https:\/\/feelfabulous.ca\/fr\/lexperience-ultime-de-fete-danniversaire-avec-spa-mobile-a-montreal-quebec\/\">L\u2019exp\u00e9rience ultime de f\u00eate d\u2019anniversaire avec spa mobile \u00e0 Montr\u00e9al, Qu\u00e9bec<\/a><\/li><li><a href=\"https:\/\/feelfabulous.ca\/fr\/best-spa-birthday-party-entertainment-ideas-games\/\">Meilleures id\u00e9es et jeux de divertissement pour les f\u00eates d&#8217;anniversaire au spa<\/a><\/li><li><a href=\"https:\/\/feelfabulous.ca\/fr\/mobile-spa-birthday-parties-for-girls-of-all-ages\/\">F\u00eates d&#8217;anniversaire mobiles au spa pour les filles de tous \u00e2ges<\/a><\/li><\/ul><\/li><\/ul><\/li><li><a href=\"https:\/\/feelfabulous.ca\/fr\/customize\/\">Personnalisez votre f\u00eate<\/a><\/li><li><a href=\"https:\/\/feelfabulous.ca\/fr\/contact\/\">Contact<\/a><ul><li><a href=\"https:\/\/calendly.com\/feelfabulous\/new-meeting\">R\u00e9server un appel<\/a><\/li><\/ul><\/li><li><a href=\"https:\/\/feelfabulous.ca\/fr\/booking\/\">R\u00e9servation<\/a><ul><li><a href=\"https:\/\/feelfabulous.ca\/fr\/express-booking\/\">Formulaire de r\u00e9servation express pour enfants<\/a><\/li><li><a href=\"https:\/\/feelfabulous.ca\/fr\/adult-corporate-booking\/\">Formulaire de r\u00e9servation d&#8217;entreprise pour adultes<\/a><\/li><\/ul><\/li><li><a href=\"https:\/\/feelfabulous.ca\/\">English<\/a><\/li><\/ul>\t\t\t\t\t\t<\/div>\n\t\t\t\t<\/div>\n\t\t\t\t\t<\/div>\n\t\t\t\t<\/div>\n\t\t<div class=\"elementor-element elementor-element-7c5d743 e-flex e-con-boxed e-con e-child\" data-id=\"7c5d743\" data-element_type=\"container\">\n\t\t\t\t\t<div class=\"e-con-inner\">\n\t\t\t\t\t<\/div>\n\t\t\t\t<\/div>\n\t\t\t\t\t<\/div>\n\t\t\t\t<\/div>\n\t\t\t\t<\/div>\n\t\t<div style=\"margin: 20px 0;\"><div class=\"qrcswholewtapper\" style=\"text-align:left;\"><div class=\"qrcprowrapper\"  id=\"qrcwraa2leds\"><div class=\"qrc_canvass\" id=\"qrc_cuttenpages_2\" style=\"display:inline-block\" data-text=\"https:\/\/feelfabulous.ca\/fr\/sitemap\/\"><\/div><div><a download=\"Sitemap.png\" class=\"qrcdownloads\" id=\"worign\">\r\n           <button type=\"button\" style=\"min-width:500px;background:#44d813;color:#000;font-weight: 600;border: 1px solid #44d813;border-radius:20px;font-size:12px;padding: 6px 0;\" class=\"uqr_code_btn\">Download QR<\/button>\r\n           <\/a><\/div><\/div><\/div><\/div>","protected":false},"excerpt":{"rendered":"<p>\u00a0 Plan du site Accueil Galerie S&#8217;abonner Acompte Normes de propret\u00e9 et de s\u00e9curit\u00e9 Cr\u00e9ez votre propre invitation Politique de confidentialit\u00e9 Enfants Adultes FAQ Blog Feel Fabulous Mobile Spa : emplacements partout au Canada | Contact et zones desservies Pourquoi choisir Feel Fabulous Mobile Spa pour les f\u00eates d\u2019anniversaire spa mobiles pour enfants et ados [&hellip;]<\/p>\n","protected":false},"author":1,"featured_media":0,"parent":0,"menu_order":0,"comment_status":"closed","ping_status":"closed","template":"","meta":{"footnotes":""},"class_list":["post-3980","page","type-page","status-publish","hentry"],"_links":{"self":[{"href":"https:\/\/feelfabulous.ca\/fr\/wp-json\/wp\/v2\/pages\/3980","targetHints":{"allow":["GET"]}}],"collection":[{"href":"https:\/\/feelfabulous.ca\/fr\/wp-json\/wp\/v2\/pages"}],"about":[{"href":"https:\/\/feelfabulous.ca\/fr\/wp-json\/wp\/v2\/types\/page"}],"author":[{"embeddable":true,"href":"https:\/\/feelfabulous.ca\/fr\/wp-json\/wp\/v2\/users\/1"}],"replies":[{"embeddable":true,"href":"https:\/\/feelfabulous.ca\/fr\/wp-json\/wp\/v2\/comments?post=3980"}],"version-history":[{"count":9,"href":"https:\/\/feelfabulous.ca\/fr\/wp-json\/wp\/v2\/pages\/3980\/revisions"}],"predecessor-version":[{"id":8895,"href":"https:\/\/feelfabulous.ca\/fr\/wp-json\/wp\/v2\/pages\/3980\/revisions\/8895"}],"wp:attachment":[{"href":"https:\/\/feelfabulous.ca\/fr\/wp-json\/wp\/v2\/media?parent=3980"}],"curies":[{"name":"wp","href":"https:\/\/api.w.org\/{rel}","templated":true}]}}