{"id":2083,"date":"2024-06-14T07:58:04","date_gmt":"2024-06-14T11:58:04","guid":{"rendered":"https:\/\/feelfabulous.ca\/privacy-policy\/"},"modified":"2025-03-08T06:48:29","modified_gmt":"2025-03-08T11:48:29","slug":"privacy-policy","status":"publish","type":"page","link":"https:\/\/feelfabulous.ca\/fr\/privacy-policy\/","title":{"rendered":"Privacy Policy"},"content":{"rendered":"\t\t<div data-elementor-type=\"wp-page\" data-elementor-id=\"2083\" class=\"elementor elementor-2083 elementor-3\" data-elementor-post-type=\"page\">\n\t\t\t\t\t\t<section class=\"elementor-section elementor-top-section elementor-element elementor-element-e4470f5 elementor-section-boxed elementor-section-height-default elementor-section-height-default\" data-id=\"e4470f5\" data-element_type=\"section\" data-settings=\"{&quot;background_background&quot;:&quot;classic&quot;}\">\n\t\t\t\t\t\t<div class=\"elementor-container elementor-column-gap-default\">\n\t\t\t\t\t<div class=\"elementor-column elementor-col-100 elementor-top-column elementor-element elementor-element-95503fe\" data-id=\"95503fe\" data-element_type=\"column\">\n\t\t\t<div class=\"elementor-widget-wrap elementor-element-populated\">\n\t\t\t\t\t\t<div class=\"elementor-element elementor-element-abec21b elementor-widget-mobile__width-initial elementor-widget-tablet__width-inherit elementor-invisible elementor-widget elementor-widget-heading\" data-id=\"abec21b\" data-element_type=\"widget\" data-settings=\"{&quot;_animation&quot;:&quot;fadeInUp&quot;}\" data-widget_type=\"heading.default\">\n\t\t\t\t<div class=\"elementor-widget-container\">\n\t\t\t<style>\/*! elementor - v3.21.0 - 26-05-2024 *\/\n.elementor-heading-title{padding:0;margin:0;line-height:1}.elementor-widget-heading .elementor-heading-title[class*=elementor-size-]>a{color:inherit;font-size:inherit;line-height:inherit}.elementor-widget-heading .elementor-heading-title.elementor-size-small{font-size:15px}.elementor-widget-heading .elementor-heading-title.elementor-size-medium{font-size:19px}.elementor-widget-heading .elementor-heading-title.elementor-size-large{font-size:29px}.elementor-widget-heading .elementor-heading-title.elementor-size-xl{font-size:39px}.elementor-widget-heading .elementor-heading-title.elementor-size-xxl{font-size:59px}<\/style><h2 class=\"elementor-heading-title elementor-size-default\">Politique de Confidentialit\u00e9 <\/h2>\t\t<\/div>\n\t\t\t\t<\/div>\n\t\t\t\t<div class=\"elementor-section elementor-inner-section elementor-element elementor-element-a38ee53 elementor-section-boxed elementor-section-height-default elementor-section-height-default\" data-id=\"a38ee53\" data-element_type=\"section\">\n\t\t\t\t\t\t<div class=\"elementor-container elementor-column-gap-default\">\n\t\t\t\t\t<div class=\"elementor-column elementor-col-100 elementor-inner-column elementor-element elementor-element-087bf40\" data-id=\"087bf40\" data-element_type=\"column\" data-settings=\"{&quot;background_background&quot;:&quot;classic&quot;}\">\n\t\t\t<div class=\"elementor-widget-wrap elementor-element-populated\">\n\t\t\t\t\t\t<div class=\"elementor-element elementor-element-0881ffb elementor-widget elementor-widget-heading\" data-id=\"0881ffb\" data-element_type=\"widget\" data-widget_type=\"heading.default\">\n\t\t\t\t<div class=\"elementor-widget-container\">\n\t\t\t<h2 class=\"elementor-heading-title elementor-size-default\">FEEL FABULOUS MOBILE SPA<\/h2>\t\t<\/div>\n\t\t\t\t<\/div>\n\t\t\t\t<div class=\"elementor-element elementor-element-eeb54c7 elementor-widget elementor-widget-text-editor\" data-id=\"eeb54c7\" data-element_type=\"widget\" data-widget_type=\"text-editor.default\">\n\t\t\t\t<div class=\"elementor-widget-container\">\n\t\t\t<style>\/*! elementor - v3.21.0 - 26-05-2024 *\/\n.elementor-widget-text-editor.elementor-drop-cap-view-stacked .elementor-drop-cap{background-color:#69727d;color:#fff}.elementor-widget-text-editor.elementor-drop-cap-view-framed .elementor-drop-cap{color:#69727d;border:3px solid;background-color:transparent}.elementor-widget-text-editor:not(.elementor-drop-cap-view-default) .elementor-drop-cap{margin-top:8px}.elementor-widget-text-editor:not(.elementor-drop-cap-view-default) .elementor-drop-cap-letter{width:1em;height:1em}.elementor-widget-text-editor .elementor-drop-cap{float:left;text-align:center;line-height:1;font-size:50px}.elementor-widget-text-editor .elementor-drop-cap-letter{display:inline-block}<\/style>\t\t\t\t<p>Feel Fabulous Mobile Spa, la transparence sur les fa\u00e7ons dont nous recueillons, utilisons et divulguons vos informations personnelles est importante pour nous.<\/p><p>La pr\u00e9sente politique de confidentialit\u00e9 (la \u00ab politique \u00bb) a pour but de vous renseigner sur nos pratiques en mati\u00e8re de traitement des renseignements personnels. Nous voulons vous informer \u00e0 quelles fins et comment nous recueillons vos renseignements personnels et de quelles fa\u00e7ons ils sont conserv\u00e9s et utilis\u00e9s.<\/p><p>Si vous avez des questions relativement \u00e0 cette politique ou \u00e0 nos pratiques quant au traitement de vos renseignements personnels, si vous d\u00e9sirez une copie des donn\u00e9es personnelles ou si vous souhaitez que vos donn\u00e9es personnelles soient d\u00e9truites, vous pouvez nous rejoindre aux coordonn\u00e9es suivantes :<\/p><p>Responsable des renseignements personnels<br \/>Catherine Anne Lalonde<br \/><a href=\"mailto:catherine@feelfabulous.ca\">catherine@feelfabulous.ca<\/a><br \/>(604) 618-2227<\/p><p>L\u2019adresse de notre site web est : <a href=\"https:\/\/feelfabulous.ca\/\">https:\/\/feelfabulous.ca\/<\/a><\/p>\t\t\t\t\t\t<\/div>\n\t\t\t\t<\/div>\n\t\t\t\t<div class=\"elementor-element elementor-element-0f41b28 elementor-widget elementor-widget-heading\" data-id=\"0f41b28\" data-element_type=\"widget\" data-widget_type=\"heading.default\">\n\t\t\t\t<div class=\"elementor-widget-container\">\n\t\t\t<h2 class=\"elementor-heading-title elementor-size-default\">COMMENTAIRES<\/h2>\t\t<\/div>\n\t\t\t\t<\/div>\n\t\t\t\t<div class=\"elementor-element elementor-element-be90af5 elementor-widget elementor-widget-text-editor\" data-id=\"be90af5\" data-element_type=\"widget\" data-widget_type=\"text-editor.default\">\n\t\t\t\t<div class=\"elementor-widget-container\">\n\t\t\t\t\t\t\t<p>Quand vous laissez un commentaire sur notre site web, les donn\u00e9es inscrites dans le formulaire de commentaire, mais aussi votre adresse IP et l\u2019agent utilisateur de votre navigateur sont collect\u00e9s pour nous aider \u00e0 la d\u00e9tection des commentaires ind\u00e9sirables.<\/p>\t\t\t\t\t\t<\/div>\n\t\t\t\t<\/div>\n\t\t\t\t<div class=\"elementor-element elementor-element-1e69be9 elementor-widget elementor-widget-heading\" data-id=\"1e69be9\" data-element_type=\"widget\" data-widget_type=\"heading.default\">\n\t\t\t\t<div class=\"elementor-widget-container\">\n\t\t\t<h2 class=\"elementor-heading-title elementor-size-default\">TRANSMISSION DE DONN\u00c9ES PERSONNELLES OU CONFIDENTIELLES ET M\u00c9DIA<\/h2>\t\t<\/div>\n\t\t\t\t<\/div>\n\t\t\t\t<div class=\"elementor-element elementor-element-a844b9b elementor-widget elementor-widget-text-editor\" data-id=\"a844b9b\" data-element_type=\"widget\" data-widget_type=\"text-editor.default\">\n\t\t\t\t<div class=\"elementor-widget-container\">\n\t\t\t\t\t\t\t<div class=\"sie-party-packages-3_view-1_16 se\" data-sid=\"party-packages-3_view-1_16\"><p class=\"se-t sie-party-packages-3_view-1_16-text st-m-paragraph st-d-paragraph se-rc\">Si vous t\u00e9l\u00e9versez des images sur le site web, nous vous conseillons d\u2019\u00e9viter de t\u00e9l\u00e9verser des images contenant des donn\u00e9es EXIF contenant des coordonn\u00e9es GPS. Les visiteurs de ce site web peuvent t\u00e9l\u00e9charger et extraire des donn\u00e9es de localisation depuis ces images.<\/p><\/div>\t\t\t\t\t\t<\/div>\n\t\t\t\t<\/div>\n\t\t\t\t<div class=\"elementor-element elementor-element-76674af elementor-widget elementor-widget-heading\" data-id=\"76674af\" data-element_type=\"widget\" data-widget_type=\"heading.default\">\n\t\t\t\t<div class=\"elementor-widget-container\">\n\t\t\t<h2 class=\"elementor-heading-title elementor-size-default\">T\u00c9MOINS<\/h2>\t\t<\/div>\n\t\t\t\t<\/div>\n\t\t\t\t<div class=\"elementor-element elementor-element-1064a17 elementor-widget elementor-widget-text-editor\" data-id=\"1064a17\" data-element_type=\"widget\" data-widget_type=\"text-editor.default\">\n\t\t\t\t<div class=\"elementor-widget-container\">\n\t\t\t\t\t\t\t<div class=\"sie-party-packages-3_view-1_16 se\" data-sid=\"party-packages-3_view-1_16\"><p class=\"se-t sie-party-packages-3_view-1_16-text st-m-paragraph st-d-paragraph se-rc\">Si vous r\u00e9servez une rendez-vous video sur notre site, il vous sera propos\u00e9 d\u2019enregistrer votre nom, adresse courriel et adresse dans des t\u00e9moins. C\u2019est uniquement pour vous simplifier la vie afin de ne pas avoir \u00e0 saisir ces informations si vous r\u00e9servez une autre rendez-vous plus tard. Ces t\u00e9moins expirent au bout d\u2019un an.<\/p><p class=\"se-t sie-party-packages-3_view-1_16-text st-m-paragraph st-d-paragraph se-rc\">Si vous entrez les informations personnelles afin de r\u00e9server une rendez vous, les donn\u00e9es seront entr\u00e9es dans notre syst\u00e8me d\u00e9crit ci-dessous afin de nous permettre d\u2019effectuer un suivi avec vous dans les jours qui suivent votre demande de soumission. Dans le cas o\u00f9 aucune rendez-vous n\u2019est r\u00e9serv\u00e9e avec l\u2019un de nos agents, les donn\u00e9es sont conserv\u00e9es dans le m\u00eame syst\u00e8me pour une dur\u00e9e ind\u00e9finie, dans le cas o\u00f9 vous nous rappelez \u00e9ventuellement pour une autre rendez-vous.<\/p><\/div>\t\t\t\t\t\t<\/div>\n\t\t\t\t<\/div>\n\t\t\t\t<div class=\"elementor-element elementor-element-f2b9e91 elementor-widget elementor-widget-heading\" data-id=\"f2b9e91\" data-element_type=\"widget\" data-widget_type=\"heading.default\">\n\t\t\t\t<div class=\"elementor-widget-container\">\n\t\t\t<h2 class=\"elementor-heading-title elementor-size-default\">CONTENU IMBRIQU\u00c9 D\u2019AUTRES SITES WEB<\/h2>\t\t<\/div>\n\t\t\t\t<\/div>\n\t\t\t\t<div class=\"elementor-element elementor-element-5aa75d3 elementor-widget elementor-widget-text-editor\" data-id=\"5aa75d3\" data-element_type=\"widget\" data-widget_type=\"text-editor.default\">\n\t\t\t\t<div class=\"elementor-widget-container\">\n\t\t\t\t\t\t\t<div class=\"sie-party-packages-3_view-1_16 se\" data-sid=\"party-packages-3_view-1_16\"><p class=\"se-t sie-party-packages-3_view-1_16-text st-m-paragraph st-d-paragraph se-rc\">Les articles de ce site peuvent inclure des contenus int\u00e9gr\u00e9s (par exemple des vid\u00e9os, images, articles, etc). Le contenu int\u00e9gr\u00e9 \u00e0 partir d\u2019autres sites se comporte de la m\u00eame mani\u00e8re que si le visiteur se rendait sur cet autre site.<\/p><p class=\"se-t sie-party-packages-3_view-1_16-text st-m-paragraph st-d-paragraph se-rc\">Ces sites web pourraient recueillir des donn\u00e9es sur vous, utiliser des t\u00e9moins, installer des outils de suivi tierce-partie ou suivre vos interactions avec ces contenus int\u00e9gr\u00e9s si vous disposez d\u2019un compte et \u00eates connect\u00e9 \u00e0 leur site web.<\/p><\/div>\t\t\t\t\t\t<\/div>\n\t\t\t\t<\/div>\n\t\t\t\t<div class=\"elementor-element elementor-element-a32c79d elementor-widget elementor-widget-heading\" data-id=\"a32c79d\" data-element_type=\"widget\" data-widget_type=\"heading.default\">\n\t\t\t\t<div class=\"elementor-widget-container\">\n\t\t\t<h2 class=\"elementor-heading-title elementor-size-default\">AVEC QUI PARTAGEONS-NOUS VOS DONN\u00c9ES?<\/h2>\t\t<\/div>\n\t\t\t\t<\/div>\n\t\t\t\t<div class=\"elementor-element elementor-element-5c34fb9 elementor-widget elementor-widget-text-editor\" data-id=\"5c34fb9\" data-element_type=\"widget\" data-widget_type=\"text-editor.default\">\n\t\t\t\t<div class=\"elementor-widget-container\">\n\t\t\t\t\t\t\t<div class=\"sie-party-packages-3_view-1_16 se\" data-sid=\"party-packages-3_view-1_16\"><div class=\"sie-party-packages-3_view-1_10 se\" data-sid=\"party-packages-3_view-1_10\"><div class=\"sie-party-packages-3_view-1_10 se\" data-sid=\"party-packages-3_view-1_10\"><p class=\"se-t sie-party-packages-3_view-1_10-text st-m-paragraph st-d-paragraph se-rc\">Nous ne partageons aucune donn\u00e9e avec aucun partenaire, fournisseur ou autre, \u00e0 moins que nous n\u2019ouvrions un compte pour vous avec votre acceptation.<\/p><\/div><\/div><\/div>\t\t\t\t\t\t<\/div>\n\t\t\t\t<\/div>\n\t\t\t\t<div class=\"elementor-element elementor-element-519851e elementor-widget elementor-widget-heading\" data-id=\"519851e\" data-element_type=\"widget\" data-widget_type=\"heading.default\">\n\t\t\t\t<div class=\"elementor-widget-container\">\n\t\t\t<h2 class=\"elementor-heading-title elementor-size-default\">O\u00d9 SONT ENTREPOS\u00c9ES VOS DONN\u00c9ES?<\/h2>\t\t<\/div>\n\t\t\t\t<\/div>\n\t\t\t\t<div class=\"elementor-element elementor-element-15b640a elementor-widget elementor-widget-text-editor\" data-id=\"15b640a\" data-element_type=\"widget\" data-widget_type=\"text-editor.default\">\n\t\t\t\t<div class=\"elementor-widget-container\">\n\t\t\t\t\t\t\t<div class=\"sie-party-packages-3_view-1_16 se\" data-sid=\"party-packages-3_view-1_16\"><div class=\"sie-party-packages-3_view-1_10 se\" data-sid=\"party-packages-3_view-1_10\"><p class=\"se-t sie-party-packages-3_view-1_10-text st-m-paragraph st-d-paragraph se-rc\">Nous ne conservons aucune donn\u00e9e PHI, comme les num\u00e9ros d\u2019assurance sociale, num\u00e9ros d\u2019assurance maladie ou num\u00e9ro de carte de cr\u00e9dit, et invitons nos clients \u00e0 ne jamais nous transmettre de telles donn\u00e9es. Lorsque vous soumettez vos informations via notre formulaire num\u00e9rique, vos coordonn\u00e9es seront stock\u00e9es directement sur notre serveur de messagerie.<\/p><p class=\"se-t sie-party-packages-3_view-1_10-text st-m-paragraph st-d-paragraph se-rc\">Les autres donn\u00e9es de nos clients sont stock\u00e9es par Feel Fabulous Mobile Spa aupr\u00e8s de deux sources fiables, Google Workspace et FormKeep. Google Workspace stocke les donn\u00e9es sur des serveurs crypt\u00e9s dans les centres de donn\u00e9es de Google, tandis que FormKeep utilise exclusivement les serveurs crypt\u00e9s de Nginx aux \u00c9tats-Unis et au Canada. Pour plus d&#8217;informations sur les solutions que nous utilisons, veuillez cliquer sur l&#8217;un des liens suivants pour obtenir un aper\u00e7u complet de leurs certifications et de leur conformit\u00e9 :<\/p><p><a href=\"https:\/\/safety.google\/privacy\/data\/\" target=\"_blank\" rel=\"noopener\">Google Security<\/a><br \/><a href=\"https:\/\/safety.google\/privacy\/data\/\" target=\"_blank\" rel=\"noopener\">Google Certifications<\/a><br \/><a href=\"https:\/\/safety.google\/privacy\/ads-and-data\/\" target=\"_blank\" rel=\"noopener\">Google Data Storage<\/a><br \/><a href=\"https:\/\/formkeep.com\/dpa\" target=\"_blank\" rel=\"noopener\">FormKeep Data Processing Addendum<\/a><\/p><\/div><\/div>\t\t\t\t\t\t<\/div>\n\t\t\t\t<\/div>\n\t\t\t\t<div class=\"elementor-element elementor-element-32f181a elementor-widget elementor-widget-heading\" data-id=\"32f181a\" data-element_type=\"widget\" data-widget_type=\"heading.default\">\n\t\t\t\t<div class=\"elementor-widget-container\">\n\t\t\t<h2 class=\"elementor-heading-title elementor-size-default\">PENDANT COMBIEN DE TEMPS VOS DONN\u00c9ES SONT-ELLES CONSERV\u00c9ES?<\/h2>\t\t<\/div>\n\t\t\t\t<\/div>\n\t\t\t\t<div class=\"elementor-element elementor-element-6f16b6c elementor-widget elementor-widget-text-editor\" data-id=\"6f16b6c\" data-element_type=\"widget\" data-widget_type=\"text-editor.default\">\n\t\t\t\t<div class=\"elementor-widget-container\">\n\t\t\t\t\t\t\t<div class=\"sie-party-packages-3_view-1_16 se\" data-sid=\"party-packages-3_view-1_16\"><div class=\"sie-party-packages-3_view-1_10 se\" data-sid=\"party-packages-3_view-1_10\"><div class=\"sie-party-packages-3_view-1_2 se\" data-sid=\"party-packages-3_view-1_2\"><p class=\"se-t sie-party-packages-3_view-1_2-text st-m-paragraph st-d-paragraph se-rc\">Comme nous aimons conserver nos clients \u00e0 tr\u00e8s long terme, les donn\u00e9es sont conserv\u00e9es ind\u00e9finiment. Ceci permet d\u2019offrir un soutien rapidement lors de demande de la part de nos clients. Toutefois, ces donn\u00e9es sont stock\u00e9es dans nos solutions s\u00e9curis\u00e9es. Pour les utilisateurs qui s\u2019enregistrent sur notre site, nous conservons \u00e9galement les donn\u00e9es personnelles indiqu\u00e9es dans leur profil. Tous les utilisateurs peuvent voir, modifier ou supprimer leurs informations personnelles \u00e0 tout moment. Les gestionnaires de la plateforme Zoho peuvent aussi voir et modifier ces informations.<\/p><\/div><\/div><\/div>\t\t\t\t\t\t<\/div>\n\t\t\t\t<\/div>\n\t\t\t\t<div class=\"elementor-element elementor-element-4d6c6cb elementor-widget elementor-widget-heading\" data-id=\"4d6c6cb\" data-element_type=\"widget\" data-widget_type=\"heading.default\">\n\t\t\t\t<div class=\"elementor-widget-container\">\n\t\t\t<h2 class=\"elementor-heading-title elementor-size-default\">QUELS SONT VOS DROITS SUR VOS DONN\u00c9ES?<\/h2>\t\t<\/div>\n\t\t\t\t<\/div>\n\t\t\t\t<div class=\"elementor-element elementor-element-29f53b5 elementor-widget elementor-widget-text-editor\" data-id=\"29f53b5\" data-element_type=\"widget\" data-widget_type=\"text-editor.default\">\n\t\t\t\t<div class=\"elementor-widget-container\">\n\t\t\t\t\t\t\t<div class=\"sie-party-packages-3_view-1_16 se\" data-sid=\"party-packages-3_view-1_16\"><div class=\"sie-party-packages-3_view-1_10 se\" data-sid=\"party-packages-3_view-1_10\"><div class=\"sie-party-packages-3_view-1_2 se\" data-sid=\"party-packages-3_view-1_2\"><div class=\"sie-party-packages-3_view-1_0 se\" data-sid=\"party-packages-3_view-1_0\"><p class=\"se-t sie-party-packages-3_view-1_0-text st-m-paragraph st-d-paragraph se-rc\">Si vous communiquez avec nous \u00e0 <a href=\"mailto:catherine@feelfabulous.ca\">catherine@feelfabulous.ca<\/a>, vous pouvez demander un fichier contenant toutes les donn\u00e9es personnelles que nous poss\u00e9dons \u00e0 votre sujet, incluant celles que vous nous avez fournies. Vous pouvez \u00e9galement demander la suppression des donn\u00e9es personnelles vous concernant. Ceci ne prend pas en compte les donn\u00e9es conserv\u00e9es \u00e0 des fins administratives, l\u00e9gales ou pour des raisons de s\u00e9curit\u00e9.<\/p><\/div><\/div><\/div><\/div>\t\t\t\t\t\t<\/div>\n\t\t\t\t<\/div>\n\t\t\t\t\t<\/div>\n\t\t<\/div>\n\t\t\t\t\t<\/div>\n\t\t<\/div>\n\t\t\t\t\t<\/div>\n\t\t<\/div>\n\t\t\t\t\t<\/div>\n\t\t<\/section>\n\t\t\t\t<\/div>\n\t\t<div style=\"margin: 20px 0;\"><div class=\"qrcswholewtapper\" style=\"text-align:left;\"><div class=\"qrcprowrapper\"  id=\"qrcwraa2leds\"><div class=\"qrc_canvass\" id=\"qrc_cuttenpages_2\" style=\"display:inline-block\" data-text=\"https:\/\/feelfabulous.ca\/fr\/privacy-policy\/\"><\/div><div><a download=\"Privacy Policy.png\" class=\"qrcdownloads\" id=\"worign\">\r\n           <button type=\"button\" style=\"min-width:500px;background:#44d813;color:#000;font-weight: 600;border: 1px solid #44d813;border-radius:20px;font-size:12px;padding: 6px 0;\" class=\"uqr_code_btn\">Download QR<\/button>\r\n           <\/a><\/div><\/div><\/div><\/div>","protected":false},"excerpt":{"rendered":"<p>Politique de Confidentialit\u00e9 FEEL FABULOUS MOBILE SPA Feel Fabulous Mobile Spa, la transparence sur les fa\u00e7ons dont nous recueillons, utilisons et divulguons vos informations personnelles est importante pour nous. La pr\u00e9sente politique de confidentialit\u00e9 (la \u00ab politique \u00bb) a pour but de vous renseigner sur nos pratiques en mati\u00e8re de traitement des renseignements personnels. Nous [&hellip;]<\/p>\n","protected":false},"author":1,"featured_media":0,"parent":0,"menu_order":0,"comment_status":"closed","ping_status":"closed","template":"","meta":{"footnotes":""},"class_list":["post-2083","page","type-page","status-publish","hentry"],"_links":{"self":[{"href":"https:\/\/feelfabulous.ca\/fr\/wp-json\/wp\/v2\/pages\/2083","targetHints":{"allow":["GET"]}}],"collection":[{"href":"https:\/\/feelfabulous.ca\/fr\/wp-json\/wp\/v2\/pages"}],"about":[{"href":"https:\/\/feelfabulous.ca\/fr\/wp-json\/wp\/v2\/types\/page"}],"author":[{"embeddable":true,"href":"https:\/\/feelfabulous.ca\/fr\/wp-json\/wp\/v2\/users\/1"}],"replies":[{"embeddable":true,"href":"https:\/\/feelfabulous.ca\/fr\/wp-json\/wp\/v2\/comments?post=2083"}],"version-history":[{"count":0,"href":"https:\/\/feelfabulous.ca\/fr\/wp-json\/wp\/v2\/pages\/2083\/revisions"}],"wp:attachment":[{"href":"https:\/\/feelfabulous.ca\/fr\/wp-json\/wp\/v2\/media?parent=2083"}],"curies":[{"name":"wp","href":"https:\/\/api.w.org\/{rel}","templated":true}]}}