{"id":2075,"date":"2024-07-02T09:02:21","date_gmt":"2024-07-02T13:02:21","guid":{"rendered":"https:\/\/feelfabulous.ca\/subscribe\/"},"modified":"2025-03-08T06:48:04","modified_gmt":"2025-03-08T11:48:04","slug":"subscribe","status":"publish","type":"page","link":"https:\/\/feelfabulous.ca\/fr\/subscribe\/","title":{"rendered":"S&#8217;abonner"},"content":{"rendered":"\t\t<div data-elementor-type=\"wp-page\" data-elementor-id=\"2075\" class=\"elementor elementor-2075 elementor-976\" data-elementor-post-type=\"page\">\n\t\t\t\t\t\t<section class=\"elementor-section elementor-top-section elementor-element elementor-element-84c3da9 elementor-section-boxed elementor-section-height-default elementor-section-height-default\" data-id=\"84c3da9\" data-element_type=\"section\" data-settings=\"{&quot;background_background&quot;:&quot;classic&quot;}\">\n\t\t\t\t\t\t<div class=\"elementor-container elementor-column-gap-no\">\n\t\t\t\t\t<div class=\"elementor-column elementor-col-100 elementor-top-column elementor-element elementor-element-9a1bbbc\" data-id=\"9a1bbbc\" data-element_type=\"column\">\n\t\t\t<div class=\"elementor-widget-wrap elementor-element-populated\">\n\t\t\t\t\t\t<div class=\"elementor-element elementor-element-e9f60fe elementor-widget-mobile__width-initial elementor-widget-tablet__width-inherit elementor-invisible elementor-widget elementor-widget-heading\" data-id=\"e9f60fe\" data-element_type=\"widget\" data-settings=\"{&quot;_animation&quot;:&quot;fadeInUp&quot;}\" data-widget_type=\"heading.default\">\n\t\t\t\t<div class=\"elementor-widget-container\">\n\t\t\t<style>\/*! elementor - v3.21.0 - 26-05-2024 *\/\n.elementor-heading-title{padding:0;margin:0;line-height:1}.elementor-widget-heading .elementor-heading-title[class*=elementor-size-]>a{color:inherit;font-size:inherit;line-height:inherit}.elementor-widget-heading .elementor-heading-title.elementor-size-small{font-size:15px}.elementor-widget-heading .elementor-heading-title.elementor-size-medium{font-size:19px}.elementor-widget-heading .elementor-heading-title.elementor-size-large{font-size:29px}.elementor-widget-heading .elementor-heading-title.elementor-size-xl{font-size:39px}.elementor-widget-heading .elementor-heading-title.elementor-size-xxl{font-size:59px}<\/style><h2 class=\"elementor-heading-title elementor-size-default\">S'abonner<\/h2>\t\t<\/div>\n\t\t\t\t<\/div>\n\t\t\t\t<div class=\"elementor-element elementor-element-afa5bdb elementor-widget elementor-widget-image\" data-id=\"afa5bdb\" data-element_type=\"widget\" data-widget_type=\"image.default\">\n\t\t\t\t<div class=\"elementor-widget-container\">\n\t\t\t<style>\/*! elementor - v3.21.0 - 26-05-2024 *\/\n.elementor-widget-image{text-align:center}.elementor-widget-image a{display:inline-block}.elementor-widget-image a img[src$=\".svg\"]{width:48px}.elementor-widget-image img{vertical-align:middle;display:inline-block}<\/style>\t\t\t\t\t\t\t\t\t\t<img decoding=\"async\" width=\"248\" height=\"24\" data-src=\"https:\/\/feelfabulous.ca\/wp-content\/smush-webp\/2024\/06\/green-ribbon.png.webp\" class=\"attachment-full size-full wp-image-1682 lazyload\" alt=\"\" src=\"data:image\/svg+xml;base64,PHN2ZyB3aWR0aD0iMSIgaGVpZ2h0PSIxIiB4bWxucz0iaHR0cDovL3d3dy53My5vcmcvMjAwMC9zdmciPjwvc3ZnPg==\" style=\"--smush-placeholder-width: 248px; --smush-placeholder-aspect-ratio: 248\/24;\" data-smush-webp-fallback=\"{&quot;data-src&quot;:&quot;https:\\\/\\\/feelfabulous.ca\\\/wp-content\\\/uploads\\\/2024\\\/06\\\/green-ribbon.png&quot;}\" \/>\t\t\t\t\t\t\t\t\t\t\t\t\t<\/div>\n\t\t\t\t<\/div>\n\t\t\t\t<div class=\"elementor-element elementor-element-45b1100 bdt-forminator-forms-button-custom elementor-widget elementor-widget-bdt-forminator-forms\" data-id=\"45b1100\" data-element_type=\"widget\" data-widget_type=\"bdt-forminator-forms.default\">\n\t\t\t\t<div class=\"elementor-widget-container\">\n\t\t\t\n\t\t<div class=\"bdt-forminator-forms\" id=\"bdt-forminator-forms-45b1100\">\n\n\t\t\t<div class=\"forminator-ui forminator-custom-form forminator-custom-form-2073 forminator-design--default  forminator_ajax\" data-forminator-render=\"0\" data-form=\"forminator-module-2073\" data-uid=\"69e35bbe75292\"><br\/><\/div><form\r\n\t\t\t\tid=\"forminator-module-2073\"\r\n\t\t\t\tclass=\"forminator-ui forminator-custom-form forminator-custom-form-2073 forminator-design--default  forminator_ajax\"\r\n\t\t\t\tmethod=\"post\"\r\n\t\t\t\tdata-forminator-render=\"0\"\r\n\t\t\t\tdata-form-id=\"2073\"\r\n\t\t\t\t data-color-option=\"default\" data-design=\"default\" data-grid=\"open\" style=\"display: none;\"\r\n\t\t\t\tdata-uid=\"69e35bbe75292\"\r\n\t\t\t><div role=\"alert\" aria-live=\"polite\" class=\"forminator-response-message forminator-error\" aria-hidden=\"true\"><\/div><div class=\"forminator-row\"><div id=\"email-1\" class=\"forminator-field-email forminator-col forminator-col-12 \"><div class=\"forminator-field\"><label for=\"forminator-field-email-1_69e35bbe75292\" id=\"forminator-field-email-1_69e35bbe75292-label\" class=\"forminator-label\">Adresse e-mail <span class=\"forminator-required\">*<\/span><\/label><input type=\"email\" name=\"email-1\" value=\"\" placeholder=\"\" id=\"forminator-field-email-1_69e35bbe75292\" class=\"forminator-input forminator-email--field\" data-required=\"true\" aria-required=\"true\" autocomplete=\"email\" \/><\/div><\/div><\/div><div class=\"forminator-row\"><div id=\"name-1\" class=\"forminator-field-name forminator-col forminator-col-12 \"><div class=\"forminator-row forminator-no-margin\" data-multiple=\"true\"><div class=\"forminator-col forminator-col-md-6\"><div class=\"forminator-field\"><label for=\"forminator-field-first-name-1_69e35bbe75292\" id=\"forminator-field-first-name-1_69e35bbe75292-label\" class=\"forminator-label\">Pr\u00e9nom <span class=\"forminator-required\">*<\/span><\/label><input type=\"text\" name=\"name-1-first-name\" placeholder=\"\" id=\"forminator-field-first-name-1_69e35bbe75292\" class=\"forminator-input\" aria-required=\"true\" data-multi=\"1\" autocomplete=\"given-name\" value=\"\" \/><\/div><\/div><div class=\"forminator-col forminator-col-md-6\"><div class=\"forminator-field\"><label for=\"forminator-field-last-name-1_69e35bbe75292\" id=\"forminator-field-last-name-1_69e35bbe75292-label\" class=\"forminator-label\">Nom de famille<\/label><input type=\"text\" name=\"name-1-last-name\" placeholder=\"\" id=\"forminator-field-last-name-1_69e35bbe75292\" class=\"forminator-input\" aria-required=\"false\" data-multi=\"1\" autocomplete=\"family-name\" value=\"\" \/><\/div><\/div><\/div><\/div><\/div><div class=\"forminator-row\"><div id=\"date-1\" class=\"forminator-field-date forminator-col forminator-col-12 \"><div class=\"forminator-field\"><label for=\"forminator-field-date-1-picker_69e35bbe75292\" id=\"forminator-field-date-1-picker_69e35bbe75292-label\" class=\"forminator-label\">Anniversaire de la fille (le cas \u00e9ch\u00e9ant)<\/label><input autocomplete=\"off\" type=\"text\" size=\"1\" name=\"date-1\" value=\"\" placeholder=\"Choisissez la date\" id=\"forminator-field-date-1-picker_69e35bbe75292\" class=\"forminator-input forminator-datepicker\" data-required=\"\" data-format=\"dd-mm-yy\" data-restrict-type=\"\" data-restrict=\"\" data-start-year=\"1926\" data-end-year=\"2126\" data-past-dates=\"enable\" data-start-of-week=\"0\" data-start-date=\"\" data-end-date=\"\" data-start-field=\"\" data-end-field=\"\" data-start-offset=\"\" data-end-offset=\"\" data-disable-date=\"\" data-disable-range=\"\" \/><\/div><\/div><\/div><div class=\"forminator-row\"><div id=\"checkbox-1\" class=\"forminator-field-checkbox forminator-col forminator-col-6 \"><div role=\"group\" class=\"forminator-field\" aria-labelledby=\"forminator-checkbox-group-forminator-field-checkbox-1-69e35bbe75292-label\"><span id=\"forminator-checkbox-group-forminator-field-checkbox-1-69e35bbe75292-label\" class=\"forminator-label\">\u00cates-vous int\u00e9ress\u00e9 par des \u00e9v\u00e9nements pour enfants\/adolescents ou adultes ?<\/span><label id=\"forminator-field-checkbox-1-1-69e35bbe75292-label\" for=\"forminator-field-checkbox-1-1-69e35bbe75292\" class=\"forminator-checkbox\" title=\"F\u00eates d&#039;anniversaire spa pour enfants\/adolescents\"><input type=\"checkbox\" name=\"checkbox-1[]\" value=\"F\u00eates d&#039;anniversaire spa pour enfants\/adolescents\" id=\"forminator-field-checkbox-1-1-69e35bbe75292\" aria-labelledby=\"forminator-field-checkbox-1-1-69e35bbe75292-label\" data-calculation=\"0\"   data-hidden-behavior=\"zero\"\/><span class=\"forminator-checkbox-box\" aria-hidden=\"true\"><\/span><span class=\"forminator-checkbox-label\">F\u00eates d'anniversaire spa pour enfants\/adolescents<\/span><\/label><label id=\"forminator-field-checkbox-1-2-69e35bbe75292-label\" for=\"forminator-field-checkbox-1-2-69e35bbe75292\" class=\"forminator-checkbox\" title=\"\u00c9v\u00e9nements\/Services de spa mobile pour adultes\"><input type=\"checkbox\" name=\"checkbox-1[]\" value=\"\u00c9v\u00e9nements\/Services de spa mobile pour adultes\" id=\"forminator-field-checkbox-1-2-69e35bbe75292\" aria-labelledby=\"forminator-field-checkbox-1-2-69e35bbe75292-label\" data-calculation=\"0\"   data-hidden-behavior=\"zero\"\/><span class=\"forminator-checkbox-box\" aria-hidden=\"true\"><\/span><span class=\"forminator-checkbox-label\">\u00c9v\u00e9nements\/Services de spa mobile pour adultes<\/span><\/label><label id=\"forminator-field-checkbox-1-3-69e35bbe75292-label\" for=\"forminator-field-checkbox-1-3-69e35bbe75292\" class=\"forminator-checkbox\" title=\"Les deux\"><input type=\"checkbox\" name=\"checkbox-1[]\" value=\"Les deux\" id=\"forminator-field-checkbox-1-3-69e35bbe75292\" aria-labelledby=\"forminator-field-checkbox-1-3-69e35bbe75292-label\" data-calculation=\"0\"   data-hidden-behavior=\"zero\"\/><span class=\"forminator-checkbox-box\" aria-hidden=\"true\"><\/span><span class=\"forminator-checkbox-label\">Les deux<\/span><\/label><\/div><\/div><div id=\"radio-1\" class=\"forminator-field-radio forminator-col forminator-col-6 \"><div role=\"radiogroup\" class=\"forminator-field\" aria-labelledby=\"forminator-radiogroup-radio-1-69e35bbe75292-label\"><span id=\"forminator-radiogroup-radio-1-69e35bbe75292-label\" class=\"forminator-label\">Ville d&#039;int\u00e9r\u00eat<\/span><label id=\"forminator-field-radio-1-label-1\" for=\"forminator-field-radio-1-1-69e35bbe75292\" class=\"forminator-radio forminator-radio-inline\" title=\"Vancouver, BC\"><input type=\"radio\" name=\"radio-1\" value=\"Vancouver, BC\" id=\"forminator-field-radio-1-1-69e35bbe75292\" aria-labelledby=\"forminator-field-radio-1-label-1\" data-calculation=\"0\"   data-hidden-behavior=\"zero\"\/><span class=\"forminator-radio-bullet\" aria-hidden=\"true\"><\/span><span class=\"forminator-radio-label\">Vancouver, BC<\/span><\/label><label id=\"forminator-field-radio-1-label-2\" for=\"forminator-field-radio-1-2-69e35bbe75292\" class=\"forminator-radio forminator-radio-inline\" title=\"Edmonton, AB\"><input type=\"radio\" name=\"radio-1\" value=\"Edmonton, AB\" id=\"forminator-field-radio-1-2-69e35bbe75292\" aria-labelledby=\"forminator-field-radio-1-label-2\" data-calculation=\"0\"   data-hidden-behavior=\"zero\"\/><span class=\"forminator-radio-bullet\" aria-hidden=\"true\"><\/span><span class=\"forminator-radio-label\">Edmonton, AB<\/span><\/label><label id=\"forminator-field-radio-1-label-3\" for=\"forminator-field-radio-1-3-69e35bbe75292\" class=\"forminator-radio forminator-radio-inline\" title=\"Calgary, AB\"><input type=\"radio\" name=\"radio-1\" value=\"Calgary,-AB\" id=\"forminator-field-radio-1-3-69e35bbe75292\" aria-labelledby=\"forminator-field-radio-1-label-3\" data-calculation=\"0\"   data-hidden-behavior=\"zero\"\/><span class=\"forminator-radio-bullet\" aria-hidden=\"true\"><\/span><span class=\"forminator-radio-label\">Calgary, AB<\/span><\/label><label id=\"forminator-field-radio-1-label-4\" for=\"forminator-field-radio-1-4-69e35bbe75292\" class=\"forminator-radio forminator-radio-inline\" title=\"Montreal, QC\"><input type=\"radio\" name=\"radio-1\" value=\"Montreal,-QC\" id=\"forminator-field-radio-1-4-69e35bbe75292\" aria-labelledby=\"forminator-field-radio-1-label-4\" data-calculation=\"0\"   data-hidden-behavior=\"zero\"\/><span class=\"forminator-radio-bullet\" aria-hidden=\"true\"><\/span><span class=\"forminator-radio-label\">Montreal, QC<\/span><\/label><label id=\"forminator-field-radio-1-label-5\" for=\"forminator-field-radio-1-5-69e35bbe75292\" class=\"forminator-radio forminator-radio-inline\" title=\"Toronto, ON\"><input type=\"radio\" name=\"radio-1\" value=\"Toronto,-ON\" id=\"forminator-field-radio-1-5-69e35bbe75292\" aria-labelledby=\"forminator-field-radio-1-label-5\" data-calculation=\"0\"   data-hidden-behavior=\"zero\"\/><span class=\"forminator-radio-bullet\" aria-hidden=\"true\"><\/span><span class=\"forminator-radio-label\">Toronto, ON<\/span><\/label><label id=\"forminator-field-radio-1-label-6\" for=\"forminator-field-radio-1-6-69e35bbe75292\" class=\"forminator-radio forminator-radio-inline\" title=\"Ottawa, ON\"><input type=\"radio\" name=\"radio-1\" value=\"Ottawa,-ON\" id=\"forminator-field-radio-1-6-69e35bbe75292\" aria-labelledby=\"forminator-field-radio-1-label-6\" data-calculation=\"0\"   data-hidden-behavior=\"zero\"\/><span class=\"forminator-radio-bullet\" aria-hidden=\"true\"><\/span><span class=\"forminator-radio-label\">Ottawa, ON<\/span><\/label><\/div><\/div><\/div><input type=\"hidden\" name=\"referer_url\" value=\"\" \/><div class=\"forminator-row forminator-row-last\"><div class=\"forminator-col\"><div class=\"forminator-field\"><button class=\"forminator-button forminator-button-submit\">S&#039;abonner<\/button><\/div><\/div><\/div><input type=\"hidden\" id=\"forminator_nonce\" name=\"forminator_nonce\" value=\"aed0b9028c\" \/><input type=\"hidden\" name=\"_wp_http_referer\" value=\"\/fr\/wp-json\/wp\/v2\/pages\/2075\" \/><input type=\"hidden\" name=\"form_id\" value=\"2073\"><input type=\"hidden\" name=\"page_id\" value=\"2075\"><input type=\"hidden\" name=\"form_type\" value=\"default\"><input type=\"hidden\" name=\"current_url\" value=\"https:\/\/feelfabulous.ca\/fr\/subscribe\/\"><input type=\"hidden\" name=\"render_id\" value=\"0\"><input type=\"hidden\" name=\"action\" value=\"forminator_submit_form_custom-forms\"><label for=\"input_6\" class=\"forminator-hidden\" aria-hidden=\"true\">Veuillez ne pas remplir ce champ. <input id=\"input_6\" type=\"text\" name=\"input_6\" value=\"\" autocomplete=\"off\"><\/label><\/form>\n\t\t<\/div>\n\n\t\t\t\t<\/div>\n\t\t\t\t<\/div>\n\t\t\t\t\t<\/div>\n\t\t<\/div>\n\t\t\t\t\t<\/div>\n\t\t<\/section>\n\t\t\t\t<\/div>\n\t\t<div style=\"margin: 20px 0;\"><div class=\"qrcswholewtapper\" style=\"text-align:left;\"><div class=\"qrcprowrapper\"  id=\"qrcwraa2leds\"><div class=\"qrc_canvass\" id=\"qrc_cuttenpages_2\" style=\"display:inline-block\" data-text=\"https:\/\/feelfabulous.ca\/fr\/subscribe\/\"><\/div><div><a download=\"S&#8217;abonner.png\" class=\"qrcdownloads\" id=\"worign\">\r\n           <button type=\"button\" style=\"min-width:500px;background:#44d813;color:#000;font-weight: 600;border: 1px solid #44d813;border-radius:20px;font-size:12px;padding: 6px 0;\" class=\"uqr_code_btn\">Download QR<\/button>\r\n           <\/a><\/div><\/div><\/div><\/div>","protected":false},"excerpt":{"rendered":"<p>S&#8217;abonner Download QR<\/p>\n","protected":false},"author":1,"featured_media":0,"parent":0,"menu_order":0,"comment_status":"closed","ping_status":"closed","template":"elementor_header_footer","meta":{"footnotes":""},"class_list":["post-2075","page","type-page","status-publish","hentry"],"_links":{"self":[{"href":"https:\/\/feelfabulous.ca\/fr\/wp-json\/wp\/v2\/pages\/2075","targetHints":{"allow":["GET"]}}],"collection":[{"href":"https:\/\/feelfabulous.ca\/fr\/wp-json\/wp\/v2\/pages"}],"about":[{"href":"https:\/\/feelfabulous.ca\/fr\/wp-json\/wp\/v2\/types\/page"}],"author":[{"embeddable":true,"href":"https:\/\/feelfabulous.ca\/fr\/wp-json\/wp\/v2\/users\/1"}],"replies":[{"embeddable":true,"href":"https:\/\/feelfabulous.ca\/fr\/wp-json\/wp\/v2\/comments?post=2075"}],"version-history":[{"count":0,"href":"https:\/\/feelfabulous.ca\/fr\/wp-json\/wp\/v2\/pages\/2075\/revisions"}],"wp:attachment":[{"href":"https:\/\/feelfabulous.ca\/fr\/wp-json\/wp\/v2\/media?parent=2075"}],"curies":[{"name":"wp","href":"https:\/\/api.w.org\/{rel}","templated":true}]}}