{"id":2060,"date":"2024-07-19T07:54:55","date_gmt":"2024-07-19T11:54:55","guid":{"rendered":"https:\/\/feelfabulous.ca\/blog\/"},"modified":"2026-02-16T18:09:30","modified_gmt":"2026-02-16T23:09:30","slug":"blog","status":"publish","type":"page","link":"https:\/\/feelfabulous.ca\/fr\/blog\/","title":{"rendered":"Blog"},"content":{"rendered":"\t\t<div data-elementor-type=\"wp-page\" data-elementor-id=\"2060\" class=\"elementor elementor-2060 elementor-1260\" data-elementor-post-type=\"page\">\n\t\t\t\t\t\t<section class=\"elementor-section elementor-top-section elementor-element elementor-element-84c3da9 elementor-section-boxed elementor-section-height-default elementor-section-height-default\" data-id=\"84c3da9\" data-element_type=\"section\" data-settings=\"{&quot;background_background&quot;:&quot;classic&quot;}\">\n\t\t\t\t\t\t<div class=\"elementor-container elementor-column-gap-default\">\n\t\t\t\t\t<div class=\"elementor-column elementor-col-100 elementor-top-column elementor-element elementor-element-9a1bbbc\" data-id=\"9a1bbbc\" data-element_type=\"column\">\n\t\t\t<div class=\"elementor-widget-wrap elementor-element-populated\">\n\t\t\t\t\t\t<div class=\"elementor-element elementor-element-e9f60fe elementor-widget-mobile__width-initial elementor-widget-tablet__width-inherit elementor-invisible elementor-widget elementor-widget-heading\" data-id=\"e9f60fe\" data-element_type=\"widget\" data-settings=\"{&quot;_animation&quot;:&quot;fadeInUp&quot;}\" data-widget_type=\"heading.default\">\n\t\t\t\t<div class=\"elementor-widget-container\">\n\t\t\t<style>\/*! elementor - v3.21.0 - 26-05-2024 *\/\n.elementor-heading-title{padding:0;margin:0;line-height:1}.elementor-widget-heading .elementor-heading-title[class*=elementor-size-]>a{color:inherit;font-size:inherit;line-height:inherit}.elementor-widget-heading .elementor-heading-title.elementor-size-small{font-size:15px}.elementor-widget-heading .elementor-heading-title.elementor-size-medium{font-size:19px}.elementor-widget-heading .elementor-heading-title.elementor-size-large{font-size:29px}.elementor-widget-heading .elementor-heading-title.elementor-size-xl{font-size:39px}.elementor-widget-heading .elementor-heading-title.elementor-size-xxl{font-size:59px}<\/style><h2 class=\"elementor-heading-title elementor-size-default\">Blog<\/h2>\t\t<\/div>\n\t\t\t\t<\/div>\n\t\t\t\t<div class=\"elementor-element elementor-element-6c16fd6 elementor-widget elementor-widget-spacer\" data-id=\"6c16fd6\" data-element_type=\"widget\" data-widget_type=\"spacer.default\">\n\t\t\t\t<div class=\"elementor-widget-container\">\n\t\t\t<style>\/*! elementor - v3.21.0 - 26-05-2024 *\/\n.elementor-column .elementor-spacer-inner{height:var(--spacer-size)}.e-con{--container-widget-width:100%}.e-con-inner>.elementor-widget-spacer,.e-con>.elementor-widget-spacer{width:var(--container-widget-width,var(--spacer-size));--align-self:var(--container-widget-align-self,initial);--flex-shrink:0}.e-con-inner>.elementor-widget-spacer>.elementor-widget-container,.e-con>.elementor-widget-spacer>.elementor-widget-container{height:100%;width:100%}.e-con-inner>.elementor-widget-spacer>.elementor-widget-container>.elementor-spacer,.e-con>.elementor-widget-spacer>.elementor-widget-container>.elementor-spacer{height:100%}.e-con-inner>.elementor-widget-spacer>.elementor-widget-container>.elementor-spacer>.elementor-spacer-inner,.e-con>.elementor-widget-spacer>.elementor-widget-container>.elementor-spacer>.elementor-spacer-inner{height:var(--container-widget-height,var(--spacer-size))}.e-con-inner>.elementor-widget-spacer.elementor-widget-empty,.e-con>.elementor-widget-spacer.elementor-widget-empty{position:relative;min-height:22px;min-width:22px}.e-con-inner>.elementor-widget-spacer.elementor-widget-empty .elementor-widget-empty-icon,.e-con>.elementor-widget-spacer.elementor-widget-empty .elementor-widget-empty-icon{position:absolute;top:0;bottom:0;left:0;right:0;margin:auto;padding:0;width:22px;height:22px}<\/style>\t\t<div class=\"elementor-spacer\">\n\t\t\t<div class=\"elementor-spacer-inner\"><\/div>\n\t\t<\/div>\n\t\t\t\t<\/div>\n\t\t\t\t<\/div>\n\t\t\t\t<div class=\"elementor-element elementor-element-42825a8 elementor-widget elementor-widget-bdt-post-block\" data-id=\"42825a8\" data-element_type=\"widget\" data-widget_type=\"bdt-post-block.genesis\">\n\t\t\t\t<div class=\"elementor-widget-container\">\n\t\t\t \n\t\t\t<div id=\"bdtpbm_69e1951801ed3\" class=\"bdt-post-block bdt-grid bdt-grid-match skin-genesis\" data-bdt-grid=\"\">\n\n\t\t\t\t\n\t\t\t\t  \t\t<div class=\"bdt-width-1-2@m\">\n\t\t\t\t  \t\t\t<div class=\"bdt-post-block-item featured-part\">\n\t\t\t\t\t\t\t\t<div class=\"bdt-post-block-img-wrapper bdt-margin-bottom\">\n\t\t\t\t\t\t\t\t\t<a href=\"https:\/\/feelfabulous.ca\/fr\/feel-fabulous-mobile-spa-emplacements-partout-au-canada-contact-et-zones-desservies\/\" title=\"Feel Fabulous Mobile Spa : emplacements partout au Canada | Contact et zones desservies\">\n\t\t\t\t\t  \t\t\t\t\t<img decoding=\"async\" data-src=\"https:\/\/feelfabulous.ca\/wp-content\/uploads\/2025\/11\/Feel-Fabulous-Mobile-Spa-Canada-Service-Locations-Map-1-1024x467.webp\" alt=\"Feel Fabulous Mobile Spa : emplacements partout au Canada | Contact et zones desservies\" src=\"data:image\/svg+xml;base64,PHN2ZyB3aWR0aD0iMSIgaGVpZ2h0PSIxIiB4bWxucz0iaHR0cDovL3d3dy53My5vcmcvMjAwMC9zdmciPjwvc3ZnPg==\" class=\"lazyload\" style=\"--smush-placeholder-width: 1024px; --smush-placeholder-aspect-ratio: 1024\/467;\">\n\t\t\t\t\t  \t\t\t\t<\/a>\n\t\t\t\t\t\t\t\t<\/div>\n\t\t\t\t\t\t  \t\t\n\t\t\t\t\t\t  \t\t<div class=\"bdt-post-block-desc\">\n\n\t\t\t\t\t\t\t\t\t\t\t\t\t\t\t\t\t\t\t<h4  class=\"bdt-post-block-title\">\n\t\t\t\t\t\t\t\t\t\t\t<a href=\"https:\/\/feelfabulous.ca\/fr\/feel-fabulous-mobile-spa-emplacements-partout-au-canada-contact-et-zones-desservies\/\" class=\"bdt-post-block-link\" title=\"Feel Fabulous Mobile Spa : emplacements partout au Canada | Contact et zones desservies\">Feel Fabulous Mobile Spa : emplacements partout au Canada | Contact et zones desservies<\/a>\n\t\t\t\t\t\t\t\t\t\t<\/h4 >\n\t\t\t\t\t\t\t\t\t\n\t            \t            \t\n\t\t\t\t\t\t\t\t\t\t\t<div class=\"bdt-post-block-excerpt\">\n\t\t\t<p>Services de spa mobile Feel Fabulous partout au Canada\u00a0: O\u00f9 nous trouver et comment nous contacter Vous planifiez une f\u00eate spa, une c\u00e9l\u00e9bration d'anniversaire ou un moment de d\u00e9tente \u00e0 domicile\u00a0? Feel Fabulous Mobile Spa vous offre une exp\u00e9rience spa de luxe directement chez vous. Plus besoin de vous d\u00e9placer\u00a0: notre \u00e9quipe de professionnels arrive \u00e0 votre domicile, parfaitement \u00e9quip\u00e9e<\/p>\n\t\t<\/div>\n\t\t\n\t\t\t\t\t\t\t\t\t\t\t\t\t\t\t\t\t\t\t<a href=\"https:\/\/feelfabulous.ca\/fr\/feel-fabulous-mobile-spa-emplacements-partout-au-canada-contact-et-zones-desservies\/\" class=\"bdt-post-block-read-more bdt-link-reset\">En Savoir Plus\t\t\t\t\t\t\t\t\t\t\t\n\t\t\t\t\t\t\t\t\t\t\t\n\t\t\t\t\t\t\t\t\t\t<\/a>\n\t\t\t\t\t\t\t\t\t\n\t\t\t\t\t\t  \t\t<\/div>\n\n\t\t\t\t\t\t\t<\/div>\n\t\t\t\t\t\t\t\n\t\t\t\t\t\t<\/div>\n\t\t\t\t\t\n\t\t\t\t\t\n\t\t\t\t\t\n\t\t\t\t  \t\t<div class=\"bdt-width-1-2@m\">\n\t\t\t\t  \t\t\t<div class=\"bdt-post-block-item featured-part\">\n\t\t\t\t\t\t\t\t<div class=\"bdt-post-block-img-wrapper bdt-margin-bottom\">\n\t\t\t\t\t\t\t\t\t<a href=\"https:\/\/feelfabulous.ca\/fr\/pourquoi-choisir-feel-fabulous-mobile-spa-pour-les-fetes-danniversaire-spa-mobiles-pour-enfants-et-ados\/\" title=\"Pourquoi choisir Feel Fabulous Mobile Spa pour les f\u00eates d\u2019anniversaire spa mobiles pour enfants et ados\">\n\t\t\t\t\t  \t\t\t\t\t<img decoding=\"async\" data-src=\"https:\/\/feelfabulous.ca\/wp-content\/smush-webp\/2026\/02\/Why-Choose-Feel-Fabulous-Mobile-Spa-for-Kids-Teen-Mobile-Spa-Birthday-Parties.jpg.webp\" alt=\"Pourquoi choisir Feel Fabulous Mobile Spa pour les f\u00eates d\u2019anniversaire spa mobiles pour enfants et ados\" src=\"data:image\/svg+xml;base64,PHN2ZyB3aWR0aD0iMSIgaGVpZ2h0PSIxIiB4bWxucz0iaHR0cDovL3d3dy53My5vcmcvMjAwMC9zdmciPjwvc3ZnPg==\" class=\"lazyload\" style=\"--smush-placeholder-width: 800px; --smush-placeholder-aspect-ratio: 800\/547;\" data-smush-webp-fallback=\"{&quot;data-src&quot;:&quot;https:\\\/\\\/feelfabulous.ca\\\/wp-content\\\/uploads\\\/2026\\\/02\\\/Why-Choose-Feel-Fabulous-Mobile-Spa-for-Kids-Teen-Mobile-Spa-Birthday-Parties.jpg&quot;}\">\n\t\t\t\t\t  \t\t\t\t<\/a>\n\t\t\t\t\t\t\t\t<\/div>\n\t\t\t\t\t\t  \t\t\n\t\t\t\t\t\t  \t\t<div class=\"bdt-post-block-desc\">\n\n\t\t\t\t\t\t\t\t\t\t\t\t\t\t\t\t\t\t\t<h4  class=\"bdt-post-block-title\">\n\t\t\t\t\t\t\t\t\t\t\t<a href=\"https:\/\/feelfabulous.ca\/fr\/pourquoi-choisir-feel-fabulous-mobile-spa-pour-les-fetes-danniversaire-spa-mobiles-pour-enfants-et-ados\/\" class=\"bdt-post-block-link\" title=\"Pourquoi choisir Feel Fabulous Mobile Spa pour les f\u00eates d\u2019anniversaire spa mobiles pour enfants et ados\">Pourquoi choisir Feel Fabulous Mobile Spa pour les f\u00eates d\u2019anniversaire spa mobiles pour enfants et ados<\/a>\n\t\t\t\t\t\t\t\t\t\t<\/h4 >\n\t\t\t\t\t\t\t\t\t\n\t            \t            \t\n\t\t\t\t\t\t\t\t\t\t\t<div class=\"bdt-post-block-excerpt\">\n\t\t\t<p>Pourquoi choisir Feel Fabulous Mobile Spa pour les f\u00eates d\u2019anniversaire spa mobiles pour enfants et ados F\u00eate d\u2019anniversaire spa pour enfants avec Feel Fabulous Mobile Spa Organiser une f\u00eate d\u2019anniversaire pour votre enfant ou votre ado devrait \u00eatre un moment excitant \u2014 et non stressant. Si vous recherchez une fa\u00e7on originale, amusante et sans souci de c\u00e9l\u00e9brer, une f\u00eate d\u2019anniversaire<\/p>\n\t\t<\/div>\n\t\t\n\t\t\t\t\t\t\t\t\t\t\t\t\t\t\t\t\t\t\t<a href=\"https:\/\/feelfabulous.ca\/fr\/pourquoi-choisir-feel-fabulous-mobile-spa-pour-les-fetes-danniversaire-spa-mobiles-pour-enfants-et-ados\/\" class=\"bdt-post-block-read-more bdt-link-reset\">En Savoir Plus\t\t\t\t\t\t\t\t\t\t\t\n\t\t\t\t\t\t\t\t\t\t\t\n\t\t\t\t\t\t\t\t\t\t<\/a>\n\t\t\t\t\t\t\t\t\t\n\t\t\t\t\t\t  \t\t<\/div>\n\n\t\t\t\t\t\t\t<\/div>\n\t\t\t\t\t\t\t\n\t\t\t\t\t\t<\/div>\n\t\t\t\t\t\n\t\t\t\t\t\n\t\t\t  \t\t<div class=\"bdt-post-block-item list-part bdt-width-1-1@m bdt-margin-medium-top\">\n\t\t\t  \t\t\t<ul class=\"bdt-child-width-1-2@m bdt-has-divider\" data-bdt-grid data-bdt-scrollspy=\"cls: bdt-animation-fade; target: > .bdt-post-block-item; delay: 300;\">\n\t\t\t  \t\t\n\t\t\t\t\t\t\t\t\t\t\t\t\t\t\t\t  \t\t\t<li>\n\t\t\t\t\t\t  \t\t\t<div class=\"bdt-flex\">\n\t\t\t\t\t\t  \t\t\t\t<div class=\"bdt-post-block-thumbnail bdt-width-auto\">\n\t\t\t\t\t\t  \t\t\t\t\t<a href=\"https:\/\/feelfabulous.ca\/fr\/pourquoi-la-proprete-et-la-securite-sont-importantes-lors-du-choix-dune-fete-spa-mobile\/\" title=\"Pourquoi la propret\u00e9 et la s\u00e9curit\u00e9 sont importantes lors du choix d&#8217;une f\u00eate spa mobile\">\n\t\t\t\t\t\t\t  \t\t\t\t\t<img decoding=\"async\" data-src=\"https:\/\/feelfabulous.ca\/wp-content\/smush-webp\/2026\/01\/Kids-Mobile-Spa-Party-with-Cucumber-Facials_Feel-Fabulous-Mobile-Spa-150x150.jpg.webp\" alt=\"Pourquoi la propret\u00e9 et la s\u00e9curit\u00e9 sont importantes lors du choix d&#8217;une f\u00eate spa mobile\" src=\"data:image\/svg+xml;base64,PHN2ZyB3aWR0aD0iMSIgaGVpZ2h0PSIxIiB4bWxucz0iaHR0cDovL3d3dy53My5vcmcvMjAwMC9zdmciPjwvc3ZnPg==\" class=\"lazyload\" style=\"--smush-placeholder-width: 150px; --smush-placeholder-aspect-ratio: 150\/150;\" data-smush-webp-fallback=\"{&quot;data-src&quot;:&quot;https:\\\/\\\/feelfabulous.ca\\\/wp-content\\\/uploads\\\/2026\\\/01\\\/Kids-Mobile-Spa-Party-with-Cucumber-Facials_Feel-Fabulous-Mobile-Spa-150x150.jpg&quot;}\">\n\t\t\t\t\t\t\t  \t\t\t\t<\/a>\n\t\t\t\t\t\t  \t\t\t\t<\/div>\n\t\t\t\t\t\t\t\t  \t\t<div class=\"bdt-post-block-desc bdt-width-expand bdt-margin-small-left\">\n\t\t\t\t\t\t\t\t\t\t\t\t\t\t\t\t\t\t\t\t\t\t\t<h4 class=\"bdt-post-block-title\">\n\t\t\t\t\t\t\t\t\t\t\t\t\t<a href=\"https:\/\/feelfabulous.ca\/fr\/pourquoi-la-proprete-et-la-securite-sont-importantes-lors-du-choix-dune-fete-spa-mobile\/\" class=\"bdt-post-block-link\" title=\"Pourquoi la propret\u00e9 et la s\u00e9curit\u00e9 sont importantes lors du choix d&#8217;une f\u00eate spa mobile\">Pourquoi la propret\u00e9 et la s\u00e9curit\u00e9 sont importantes lors du choix d&#8217;une f\u00eate spa mobile<\/a>\n\t\t\t\t\t\t\t\t\t\t\t\t<\/h4>\n\t\t\t\t\t\t\t\t\t\t\t\n\t\t\t\t\t\t\t            \t\t\t\t\t\t\t\t\t  \t\t<\/div>\n\t\t\t\t\t\t\t\t\t<\/div>\n\t\t\t\t\t\t\t\t<\/li>\n\t\t\t\t\t\t\t\t\t\t\t\t\t\t\t\t\t\t  \t\t\t<li>\n\t\t\t\t\t\t  \t\t\t<div class=\"bdt-flex\">\n\t\t\t\t\t\t  \t\t\t\t<div class=\"bdt-post-block-thumbnail bdt-width-auto\">\n\t\t\t\t\t\t  \t\t\t\t\t<a href=\"https:\/\/feelfabulous.ca\/fr\/services-de-spa-mobile-pour-les-enterrements-de-vie-de-jeune-fille-et-les-fetes-prenuptiales-a-montreal-quebec\/\" title=\"Services de spa mobile pour les enterrements de vie de jeune fille et les f\u00eates pr\u00e9nuptiales \u00e0 Montr\u00e9al, Qu\u00e9bec\">\n\t\t\t\t\t\t\t  \t\t\t\t\t<img decoding=\"async\" data-src=\"https:\/\/feelfabulous.ca\/wp-content\/smush-webp\/2025\/04\/Bridal-Shower-with-Feel-Fabulous-1-150x150.jpg.webp\" alt=\"Services de spa mobile pour les enterrements de vie de jeune fille et les f\u00eates pr\u00e9nuptiales \u00e0 Montr\u00e9al, Qu\u00e9bec\" src=\"data:image\/svg+xml;base64,PHN2ZyB3aWR0aD0iMSIgaGVpZ2h0PSIxIiB4bWxucz0iaHR0cDovL3d3dy53My5vcmcvMjAwMC9zdmciPjwvc3ZnPg==\" class=\"lazyload\" style=\"--smush-placeholder-width: 150px; --smush-placeholder-aspect-ratio: 150\/150;\" data-smush-webp-fallback=\"{&quot;data-src&quot;:&quot;https:\\\/\\\/feelfabulous.ca\\\/wp-content\\\/uploads\\\/2025\\\/04\\\/Bridal-Shower-with-Feel-Fabulous-1-150x150.jpg&quot;}\">\n\t\t\t\t\t\t\t  \t\t\t\t<\/a>\n\t\t\t\t\t\t  \t\t\t\t<\/div>\n\t\t\t\t\t\t\t\t  \t\t<div class=\"bdt-post-block-desc bdt-width-expand bdt-margin-small-left\">\n\t\t\t\t\t\t\t\t\t\t\t\t\t\t\t\t\t\t\t\t\t\t\t<h4 class=\"bdt-post-block-title\">\n\t\t\t\t\t\t\t\t\t\t\t\t\t<a href=\"https:\/\/feelfabulous.ca\/fr\/services-de-spa-mobile-pour-les-enterrements-de-vie-de-jeune-fille-et-les-fetes-prenuptiales-a-montreal-quebec\/\" class=\"bdt-post-block-link\" title=\"Services de spa mobile pour les enterrements de vie de jeune fille et les f\u00eates pr\u00e9nuptiales \u00e0 Montr\u00e9al, Qu\u00e9bec\">Services de spa mobile pour les enterrements de vie de jeune fille et les f\u00eates pr\u00e9nuptiales \u00e0 Montr\u00e9al, Qu\u00e9bec<\/a>\n\t\t\t\t\t\t\t\t\t\t\t\t<\/h4>\n\t\t\t\t\t\t\t\t\t\t\t\n\t\t\t\t\t\t\t            \t\t\t\t\t\t\t\t\t  \t\t<\/div>\n\t\t\t\t\t\t\t\t\t<\/div>\n\t\t\t\t\t\t\t\t<\/li>\n\t\t\t\t\t\t\t\t\t\t\t\t\t\t\t\t\t\t  \t\t\t<li>\n\t\t\t\t\t\t  \t\t\t<div class=\"bdt-flex\">\n\t\t\t\t\t\t  \t\t\t\t<div class=\"bdt-post-block-thumbnail bdt-width-auto\">\n\t\t\t\t\t\t  \t\t\t\t\t<a href=\"https:\/\/feelfabulous.ca\/fr\/offrez-vous-une-experience-spa-vip-a-calgary-en-alberta\/\" title=\"Offrez-vous une exp\u00e9rience spa VIP \u00e0 Calgary, en Alberta\">\n\t\t\t\t\t\t\t  \t\t\t\t\t<img decoding=\"async\" data-src=\"https:\/\/feelfabulous.ca\/wp-content\/smush-webp\/2025\/03\/spa-party-in-british-columbia-150x150.jpg.webp\" alt=\"Offrez-vous une exp\u00e9rience spa VIP \u00e0 Calgary, en Alberta\" src=\"data:image\/svg+xml;base64,PHN2ZyB3aWR0aD0iMSIgaGVpZ2h0PSIxIiB4bWxucz0iaHR0cDovL3d3dy53My5vcmcvMjAwMC9zdmciPjwvc3ZnPg==\" class=\"lazyload\" style=\"--smush-placeholder-width: 150px; --smush-placeholder-aspect-ratio: 150\/150;\" data-smush-webp-fallback=\"{&quot;data-src&quot;:&quot;https:\\\/\\\/feelfabulous.ca\\\/wp-content\\\/uploads\\\/2025\\\/03\\\/spa-party-in-british-columbia-150x150.jpg&quot;}\">\n\t\t\t\t\t\t\t  \t\t\t\t<\/a>\n\t\t\t\t\t\t  \t\t\t\t<\/div>\n\t\t\t\t\t\t\t\t  \t\t<div class=\"bdt-post-block-desc bdt-width-expand bdt-margin-small-left\">\n\t\t\t\t\t\t\t\t\t\t\t\t\t\t\t\t\t\t\t\t\t\t\t<h4 class=\"bdt-post-block-title\">\n\t\t\t\t\t\t\t\t\t\t\t\t\t<a href=\"https:\/\/feelfabulous.ca\/fr\/offrez-vous-une-experience-spa-vip-a-calgary-en-alberta\/\" class=\"bdt-post-block-link\" title=\"Offrez-vous une exp\u00e9rience spa VIP \u00e0 Calgary, en Alberta\">Offrez-vous une exp\u00e9rience spa VIP \u00e0 Calgary, en Alberta<\/a>\n\t\t\t\t\t\t\t\t\t\t\t\t<\/h4>\n\t\t\t\t\t\t\t\t\t\t\t\n\t\t\t\t\t\t\t            \t\t\t\t\t\t\t\t\t  \t\t<\/div>\n\t\t\t\t\t\t\t\t\t<\/div>\n\t\t\t\t\t\t\t\t<\/li>\n\t\t\t\t\t\t\t\t\t\t\t\t\t\t\t\t\t\t  \t\t\t<li>\n\t\t\t\t\t\t  \t\t\t<div class=\"bdt-flex\">\n\t\t\t\t\t\t  \t\t\t\t<div class=\"bdt-post-block-thumbnail bdt-width-auto\">\n\t\t\t\t\t\t  \t\t\t\t\t<a href=\"https:\/\/feelfabulous.ca\/fr\/lexperience-ultime-de-fete-danniversaire-avec-spa-mobile-a-montreal-quebec\/\" title=\"L&#8217;exp\u00e9rience ultime de f\u00eate d&#8217;anniversaire avec spa mobile \u00e0 Montr\u00e9al, Qu\u00e9bec\">\n\t\t\t\t\t\t\t  \t\t\t\t\t<img decoding=\"async\" data-src=\"https:\/\/feelfabulous.ca\/wp-content\/smush-webp\/2025\/03\/mobile-spa-party-in-victoria-british-columbia-150x150.jpg.webp\" alt=\"L&#8217;exp\u00e9rience ultime de f\u00eate d&#8217;anniversaire avec spa mobile \u00e0 Montr\u00e9al, Qu\u00e9bec\" src=\"data:image\/svg+xml;base64,PHN2ZyB3aWR0aD0iMSIgaGVpZ2h0PSIxIiB4bWxucz0iaHR0cDovL3d3dy53My5vcmcvMjAwMC9zdmciPjwvc3ZnPg==\" class=\"lazyload\" style=\"--smush-placeholder-width: 150px; --smush-placeholder-aspect-ratio: 150\/150;\" data-smush-webp-fallback=\"{&quot;data-src&quot;:&quot;https:\\\/\\\/feelfabulous.ca\\\/wp-content\\\/uploads\\\/2025\\\/03\\\/mobile-spa-party-in-victoria-british-columbia-150x150.jpg&quot;}\">\n\t\t\t\t\t\t\t  \t\t\t\t<\/a>\n\t\t\t\t\t\t  \t\t\t\t<\/div>\n\t\t\t\t\t\t\t\t  \t\t<div class=\"bdt-post-block-desc bdt-width-expand bdt-margin-small-left\">\n\t\t\t\t\t\t\t\t\t\t\t\t\t\t\t\t\t\t\t\t\t\t\t<h4 class=\"bdt-post-block-title\">\n\t\t\t\t\t\t\t\t\t\t\t\t\t<a href=\"https:\/\/feelfabulous.ca\/fr\/lexperience-ultime-de-fete-danniversaire-avec-spa-mobile-a-montreal-quebec\/\" class=\"bdt-post-block-link\" title=\"L&#8217;exp\u00e9rience ultime de f\u00eate d&#8217;anniversaire avec spa mobile \u00e0 Montr\u00e9al, Qu\u00e9bec\">L&#8217;exp\u00e9rience ultime de f\u00eate d&#8217;anniversaire avec spa mobile \u00e0 Montr\u00e9al, Qu\u00e9bec<\/a>\n\t\t\t\t\t\t\t\t\t\t\t\t<\/h4>\n\t\t\t\t\t\t\t\t\t\t\t\n\t\t\t\t\t\t\t            \t\t\t\t\t\t\t\t\t  \t\t<\/div>\n\t\t\t\t\t\t\t\t\t<\/div>\n\t\t\t\t\t\t\t\t<\/li>\n\t\t\t\t\t\t\t\t\t\t\t\t\t\t\t\t\t\t  \t\t\t<li>\n\t\t\t\t\t\t  \t\t\t<div class=\"bdt-flex\">\n\t\t\t\t\t\t  \t\t\t\t<div class=\"bdt-post-block-thumbnail bdt-width-auto\">\n\t\t\t\t\t\t  \t\t\t\t\t<a href=\"https:\/\/feelfabulous.ca\/fr\/mobile-spa-birthday-parties-for-girls-of-all-ages\/\" title=\"F\u00eates D&#8217;anniversaire De Spa Mobiles Pour Filles De Tous \u00c2ges\u00a0!\">\n\t\t\t\t\t\t\t  \t\t\t\t\t<img decoding=\"async\" data-src=\"https:\/\/feelfabulous.ca\/wp-content\/smush-webp\/2024\/07\/Feel-Fabulous-Mobile-Spa-Kids-Birthday-Party-2048x1536-1-150x150.jpg.webp\" alt=\"F\u00eates D&#8217;anniversaire De Spa Mobiles Pour Filles De Tous \u00c2ges\u00a0!\" src=\"data:image\/svg+xml;base64,PHN2ZyB3aWR0aD0iMSIgaGVpZ2h0PSIxIiB4bWxucz0iaHR0cDovL3d3dy53My5vcmcvMjAwMC9zdmciPjwvc3ZnPg==\" class=\"lazyload\" style=\"--smush-placeholder-width: 150px; --smush-placeholder-aspect-ratio: 150\/150;\" data-smush-webp-fallback=\"{&quot;data-src&quot;:&quot;https:\\\/\\\/feelfabulous.ca\\\/wp-content\\\/uploads\\\/2024\\\/07\\\/Feel-Fabulous-Mobile-Spa-Kids-Birthday-Party-2048x1536-1-150x150.jpg&quot;}\">\n\t\t\t\t\t\t\t  \t\t\t\t<\/a>\n\t\t\t\t\t\t  \t\t\t\t<\/div>\n\t\t\t\t\t\t\t\t  \t\t<div class=\"bdt-post-block-desc bdt-width-expand bdt-margin-small-left\">\n\t\t\t\t\t\t\t\t\t\t\t\t\t\t\t\t\t\t\t\t\t\t\t<h4 class=\"bdt-post-block-title\">\n\t\t\t\t\t\t\t\t\t\t\t\t\t<a href=\"https:\/\/feelfabulous.ca\/fr\/mobile-spa-birthday-parties-for-girls-of-all-ages\/\" class=\"bdt-post-block-link\" title=\"F\u00eates D&#8217;anniversaire De Spa Mobiles Pour Filles De Tous \u00c2ges\u00a0!\">F\u00eates D&#8217;anniversaire De Spa Mobiles Pour Filles De Tous \u00c2ges\u00a0!<\/a>\n\t\t\t\t\t\t\t\t\t\t\t\t<\/h4>\n\t\t\t\t\t\t\t\t\t\t\t\n\t\t\t\t\t\t\t            \t\t\t\t\t\t\t\t\t  \t\t<\/div>\n\t\t\t\t\t\t\t\t\t<\/div>\n\t\t\t\t\t\t\t\t<\/li>\n\t\t\t\t\t\t\t\t\t\t\t\t\t\t\t\t\t\t  \t\t\t<li>\n\t\t\t\t\t\t  \t\t\t<div class=\"bdt-flex\">\n\t\t\t\t\t\t  \t\t\t\t<div class=\"bdt-post-block-thumbnail bdt-width-auto\">\n\t\t\t\t\t\t  \t\t\t\t\t<a href=\"https:\/\/feelfabulous.ca\/fr\/best-spa-birthday-party-entertainment-ideas-games\/\" title=\"Les Meilleures Id\u00e9es Et Jeux De Divertissement Pour Une F\u00eate D&#8217;anniversaire Au Spa\">\n\t\t\t\t\t\t\t  \t\t\t\t\t<img decoding=\"async\" data-src=\"https:\/\/feelfabulous.ca\/wp-content\/smush-webp\/2024\/07\/Best-Spa-Birthday-Party-Entertainment-Ideas-Games-2048x2048-1-150x150.jpg.webp\" alt=\"Les Meilleures Id\u00e9es Et Jeux De Divertissement Pour Une F\u00eate D&#8217;anniversaire Au Spa\" src=\"data:image\/svg+xml;base64,PHN2ZyB3aWR0aD0iMSIgaGVpZ2h0PSIxIiB4bWxucz0iaHR0cDovL3d3dy53My5vcmcvMjAwMC9zdmciPjwvc3ZnPg==\" class=\"lazyload\" style=\"--smush-placeholder-width: 150px; --smush-placeholder-aspect-ratio: 150\/150;\" data-smush-webp-fallback=\"{&quot;data-src&quot;:&quot;https:\\\/\\\/feelfabulous.ca\\\/wp-content\\\/uploads\\\/2024\\\/07\\\/Best-Spa-Birthday-Party-Entertainment-Ideas-Games-2048x2048-1-150x150.jpg&quot;}\">\n\t\t\t\t\t\t\t  \t\t\t\t<\/a>\n\t\t\t\t\t\t  \t\t\t\t<\/div>\n\t\t\t\t\t\t\t\t  \t\t<div class=\"bdt-post-block-desc bdt-width-expand bdt-margin-small-left\">\n\t\t\t\t\t\t\t\t\t\t\t\t\t\t\t\t\t\t\t\t\t\t\t<h4 class=\"bdt-post-block-title\">\n\t\t\t\t\t\t\t\t\t\t\t\t\t<a href=\"https:\/\/feelfabulous.ca\/fr\/best-spa-birthday-party-entertainment-ideas-games\/\" class=\"bdt-post-block-link\" title=\"Les Meilleures Id\u00e9es Et Jeux De Divertissement Pour Une F\u00eate D&#8217;anniversaire Au Spa\">Les Meilleures Id\u00e9es Et Jeux De Divertissement Pour Une F\u00eate D&#8217;anniversaire Au Spa<\/a>\n\t\t\t\t\t\t\t\t\t\t\t\t<\/h4>\n\t\t\t\t\t\t\t\t\t\t\t\n\t\t\t\t\t\t\t            \t\t\t\t\t\t\t\t\t  \t\t<\/div>\n\t\t\t\t\t\t\t\t\t<\/div>\n\t\t\t\t\t\t\t\t<\/li>\n\t\t\t\t\t\t\t\t\t\t\t\t\t<\/ul>\n\t\t\t\t\t<\/div>\n\t\t\t\t<\/div>\n\t\t\n\t\t \t\t\t<\/div>\n\t\t\t\t<\/div>\n\t\t\t\t\t<\/div>\n\t\t<\/div>\n\t\t\t\t\t<\/div>\n\t\t<\/section>\n\t\t\t\t<\/div>\n\t\t<div style=\"margin: 20px 0;\"><div class=\"qrcswholewtapper\" style=\"text-align:left;\"><div class=\"qrcprowrapper\"  id=\"qrcwraa2leds\"><div class=\"qrc_canvass\" id=\"qrc_cuttenpages_2\" style=\"display:inline-block\" data-text=\"https:\/\/feelfabulous.ca\/fr\/best-spa-birthday-party-entertainment-ideas-games\/\"><\/div><div><a download=\"Les Meilleures Id\u00e9es Et Jeux De Divertissement Pour Une F\u00eate D&#8217;anniversaire Au Spa.png\" class=\"qrcdownloads\" id=\"worign\">\r\n           <button type=\"button\" style=\"min-width:500px;background:#44d813;color:#000;font-weight: 600;border: 1px solid #44d813;border-radius:20px;font-size:12px;padding: 6px 0;\" class=\"uqr_code_btn\">Download QR<\/button>\r\n           <\/a><\/div><\/div><\/div><\/div>","protected":false},"excerpt":{"rendered":"<p>Blog Why Choose Feel Fabulous Mobile Spa for Kids &#038; Teen Mobile Spa Birthday Parties Why Choose Feel Fabulous Mobile Spa for Kids &amp; Teen Mobile Spa Birthday Parties Planning a birthday party for your child or teen should be exciting\u2014not stressful. If you\u2019re looking for a fun, unique, and worry-free way to celebrate, a [&hellip;]<\/p>\n","protected":false},"author":1,"featured_media":0,"parent":0,"menu_order":0,"comment_status":"closed","ping_status":"closed","template":"elementor_header_footer","meta":{"footnotes":""},"class_list":["post-2060","page","type-page","status-publish","hentry"],"_links":{"self":[{"href":"https:\/\/feelfabulous.ca\/fr\/wp-json\/wp\/v2\/pages\/2060","targetHints":{"allow":["GET"]}}],"collection":[{"href":"https:\/\/feelfabulous.ca\/fr\/wp-json\/wp\/v2\/pages"}],"about":[{"href":"https:\/\/feelfabulous.ca\/fr\/wp-json\/wp\/v2\/types\/page"}],"author":[{"embeddable":true,"href":"https:\/\/feelfabulous.ca\/fr\/wp-json\/wp\/v2\/users\/1"}],"replies":[{"embeddable":true,"href":"https:\/\/feelfabulous.ca\/fr\/wp-json\/wp\/v2\/comments?post=2060"}],"version-history":[{"count":3,"href":"https:\/\/feelfabulous.ca\/fr\/wp-json\/wp\/v2\/pages\/2060\/revisions"}],"predecessor-version":[{"id":8869,"href":"https:\/\/feelfabulous.ca\/fr\/wp-json\/wp\/v2\/pages\/2060\/revisions\/8869"}],"wp:attachment":[{"href":"https:\/\/feelfabulous.ca\/fr\/wp-json\/wp\/v2\/media?parent=2060"}],"curies":[{"name":"wp","href":"https:\/\/api.w.org\/{rel}","templated":true}]}}