{"id":2012,"date":"2024-07-19T05:20:35","date_gmt":"2024-07-19T09:20:35","guid":{"rendered":"https:\/\/feelfabulous.ca\/cleanliness-and-safety\/"},"modified":"2025-03-08T06:44:51","modified_gmt":"2025-03-08T11:44:51","slug":"cleanliness-and-safety","status":"publish","type":"page","link":"https:\/\/feelfabulous.ca\/fr\/cleanliness-and-safety\/","title":{"rendered":"Normes de propret\u00e9 et de s\u00e9curit\u00e9"},"content":{"rendered":"\t\t<div data-elementor-type=\"wp-page\" data-elementor-id=\"2012\" class=\"elementor elementor-2012 elementor-1118\" data-elementor-post-type=\"page\">\n\t\t\t\t\t\t<section class=\"elementor-section elementor-top-section elementor-element elementor-element-84c3da9 elementor-section-boxed elementor-section-height-default elementor-section-height-default\" data-id=\"84c3da9\" data-element_type=\"section\" data-settings=\"{&quot;background_background&quot;:&quot;classic&quot;}\">\n\t\t\t\t\t\t<div class=\"elementor-container elementor-column-gap-default\">\n\t\t\t\t\t<div class=\"elementor-column elementor-col-100 elementor-top-column elementor-element elementor-element-9a1bbbc\" data-id=\"9a1bbbc\" data-element_type=\"column\">\n\t\t\t<div class=\"elementor-widget-wrap elementor-element-populated\">\n\t\t\t\t\t\t<div class=\"elementor-element elementor-element-e9f60fe elementor-widget-mobile__width-initial elementor-widget-tablet__width-inherit elementor-invisible elementor-widget elementor-widget-heading\" data-id=\"e9f60fe\" data-element_type=\"widget\" data-settings=\"{&quot;_animation&quot;:&quot;fadeInUp&quot;}\" data-widget_type=\"heading.default\">\n\t\t\t\t<div class=\"elementor-widget-container\">\n\t\t\t<style>\/*! elementor - v3.21.0 - 26-05-2024 *\/\n.elementor-heading-title{padding:0;margin:0;line-height:1}.elementor-widget-heading .elementor-heading-title[class*=elementor-size-]>a{color:inherit;font-size:inherit;line-height:inherit}.elementor-widget-heading .elementor-heading-title.elementor-size-small{font-size:15px}.elementor-widget-heading .elementor-heading-title.elementor-size-medium{font-size:19px}.elementor-widget-heading .elementor-heading-title.elementor-size-large{font-size:29px}.elementor-widget-heading .elementor-heading-title.elementor-size-xl{font-size:39px}.elementor-widget-heading .elementor-heading-title.elementor-size-xxl{font-size:59px}<\/style><h2 class=\"elementor-heading-title elementor-size-default\">Normes De Propret\u00e9 Et De S\u00e9curit\u00e9<\/h2>\t\t<\/div>\n\t\t\t\t<\/div>\n\t\t\t\t<div class=\"elementor-element elementor-element-6c16fd6 elementor-hidden-mobile elementor-widget elementor-widget-spacer\" data-id=\"6c16fd6\" data-element_type=\"widget\" data-widget_type=\"spacer.default\">\n\t\t\t\t<div class=\"elementor-widget-container\">\n\t\t\t<style>\/*! elementor - v3.21.0 - 26-05-2024 *\/\n.elementor-column .elementor-spacer-inner{height:var(--spacer-size)}.e-con{--container-widget-width:100%}.e-con-inner>.elementor-widget-spacer,.e-con>.elementor-widget-spacer{width:var(--container-widget-width,var(--spacer-size));--align-self:var(--container-widget-align-self,initial);--flex-shrink:0}.e-con-inner>.elementor-widget-spacer>.elementor-widget-container,.e-con>.elementor-widget-spacer>.elementor-widget-container{height:100%;width:100%}.e-con-inner>.elementor-widget-spacer>.elementor-widget-container>.elementor-spacer,.e-con>.elementor-widget-spacer>.elementor-widget-container>.elementor-spacer{height:100%}.e-con-inner>.elementor-widget-spacer>.elementor-widget-container>.elementor-spacer>.elementor-spacer-inner,.e-con>.elementor-widget-spacer>.elementor-widget-container>.elementor-spacer>.elementor-spacer-inner{height:var(--container-widget-height,var(--spacer-size))}.e-con-inner>.elementor-widget-spacer.elementor-widget-empty,.e-con>.elementor-widget-spacer.elementor-widget-empty{position:relative;min-height:22px;min-width:22px}.e-con-inner>.elementor-widget-spacer.elementor-widget-empty .elementor-widget-empty-icon,.e-con>.elementor-widget-spacer.elementor-widget-empty .elementor-widget-empty-icon{position:absolute;top:0;bottom:0;left:0;right:0;margin:auto;padding:0;width:22px;height:22px}<\/style>\t\t<div class=\"elementor-spacer\">\n\t\t\t<div class=\"elementor-spacer-inner\"><\/div>\n\t\t<\/div>\n\t\t\t\t<\/div>\n\t\t\t\t<\/div>\n\t\t\t\t<div class=\"elementor-element elementor-element-e0a972a elementor-widget elementor-widget-text-editor\" data-id=\"e0a972a\" data-element_type=\"widget\" data-widget_type=\"text-editor.default\">\n\t\t\t\t<div class=\"elementor-widget-container\">\n\t\t\t<style>\/*! elementor - v3.21.0 - 26-05-2024 *\/\n.elementor-widget-text-editor.elementor-drop-cap-view-stacked .elementor-drop-cap{background-color:#69727d;color:#fff}.elementor-widget-text-editor.elementor-drop-cap-view-framed .elementor-drop-cap{color:#69727d;border:3px solid;background-color:transparent}.elementor-widget-text-editor:not(.elementor-drop-cap-view-default) .elementor-drop-cap{margin-top:8px}.elementor-widget-text-editor:not(.elementor-drop-cap-view-default) .elementor-drop-cap-letter{width:1em;height:1em}.elementor-widget-text-editor .elementor-drop-cap{float:left;text-align:center;line-height:1;font-size:50px}.elementor-widget-text-editor .elementor-drop-cap-letter{display:inline-block}<\/style>\t\t\t\t<p><b>Soins des ongles&nbsp;:<\/b> nous utilisons une nouvelle lime \u00e0 ongles, un polissoir \u00e0 ongles et des s\u00e9parateurs d&#8217;orteils pour chaque enfant. Chaque enfant re\u00e7oit son propre coupe-ongles \u00e0 utiliser lors d&#8217;une f\u00eate. Pour <a href=\"https:\/\/feelfabulous.ca\/fr\/adultes\/\">les services d&#8217;ongles pour adultes<\/a>, nous utilisons des tampons de lime \u00e0 pieds jetables et auto-adh\u00e9sifs qui sont plac\u00e9s sur une palette de lime \u00e0 pieds en acier inoxydable, \u00e0 utiliser uniquement sur un invit\u00e9. Nos bains de pieds sont \u00e9quip\u00e9s de doublures de bain de pieds \u00e0 usage unique. Pour les ustensiles non jetables (tels que les coupe-cuticules, les repousse-cuticules, les coupe-ongles, etc.), nous frottons tous les articles entre les clients avec de l&#8217;eau et du savon, s\u00e9chons les articles, puis vaporisons les articles avec un d\u00e9sinfectant certifi\u00e9 de qualit\u00e9 hospitali\u00e8re. Enfin, vous remarquerez que chaque membre du personnel dispose de deux jeux d&#8217;outils lors des services d&#8217;ongles pour adultes, afin de garantir un temps de d\u00e9sinfection plus que suffisant entre les clients.<\/p>\n<p><b>Services capillaires&nbsp;:<\/b> nous utilisons un nouveau peigne jetable pour chaque enfant. Nous n&#8217;utilisons pas de brosses \u00e0 cheveux car elles ne peuvent pas \u00eatre enti\u00e8rement d\u00e9sinfect\u00e9es, m\u00eame avec les d\u00e9sinfectants les plus puissants des salons de coiffure et de l&#8217;industrie de la beaut\u00e9. Par cons\u00e9quent, nous vous demandons de bien vouloir vous assurer que si votre fille re\u00e7oit des services de coiffure lors de la f\u00eate \u00e0 laquelle elle assistera, vous vous assurez que ses cheveux ne sont pas emm\u00eal\u00e9s et, si possible, qu&#8217;elle apporte sa propre brosse \u00e0 cheveux \u00e0 la f\u00eate dans un sac scell\u00e9.<\/p>\n<p><b>Maquillage&nbsp;:<\/b>&nbsp;Pour <a href=\"https:\/\/feelfabulous.ca\/fr\/enfant\/\">les enfants<\/a>, nous utilisons des pinceaux \u00e0 fard \u00e0 paupi\u00e8res et des baguettes de brillant \u00e0 l\u00e8vres jetables. Pour le maquillage des ados, nous utilisons des pinceaux de maquillage professionnels qui sont d\u00e9sinfect\u00e9s entre les filles et des baguettes de mascara jetables lors de l&#8217;application du mascara.<\/p>\n<p><strong>Soins du visage&nbsp;:&nbsp;<\/strong>Nous utilisons des produits pour le visage biologiques de qualit\u00e9 spa, sans parfums artificiels, additifs ni conservateurs. Nos soins du visage sont aussi doux et naturels que possible&nbsp;! En fait, la gamme de soins de la peau que nous utilisons a \u00e9t\u00e9 \u00e9lue la gamme de soins de la peau n\u00b0&nbsp;1 en Am\u00e9rique du Nord au cours des 12 derni\u00e8res ann\u00e9es cons\u00e9cutives. C&#8217;est la SEULE gamme de soins de la peau \u00e0 laquelle, en 14 ans d&#8217;activit\u00e9, nous avons constat\u00e9 que les enfants et les adolescents ne r\u00e9agissent pas, car ils ont une peau tr\u00e8s sensible. Consultez le site&nbsp;<a href=\"https:\/\/www.eminenceorganics.com\/\" target=\"_blank\" rel=\"noopener\">www.eminenceorganics.com<\/a>&nbsp;pour en savoir plus sur l&#8217;incroyable gamme de soins de la peau que nous utilisons&nbsp;!<\/p>\n<h6><span style=\"color: #dd609c;\">INSPECT\u00c9 PAR LE GOUVERNEMENT, R\u00c9GLEMENT\u00c9 ET ENTI\u00c8REMENT ASSUR\u00c9<\/span><\/h6>\n<p>Feel Fabulous Mobile Spa est enti\u00e8rement inspect\u00e9 et approuv\u00e9 pour fonctionner par les autorit\u00e9s sanitaires d&#8217;Edmonton et de Calgary, et op\u00e8re avec une licence commerciale valide dans chaque ville. Nous tenons \u00e0 \u00eatre totalement transparents en informant nos clients de Vancouver que la Fraser Regional Health Authority N&#8217;INSPECTE PAS les spas mobiles dans le district r\u00e9gional du Grand Vancouver malgr\u00e9 nos multiples demandes au fil des ans. Qu&#8217;est-ce que cela signifie pour les clients de Vancouver \u00e0 la recherche de services de f\u00eate d&#8217;anniversaire de spa mobile ? Cela signifie que vous devez \u00eatre extr\u00eamement prudent lorsque vous choisissez une entreprise de f\u00eate de spa mobile, car il n&#8217;existe actuellement aucune norme d&#8217;hygi\u00e8ne pour les spas mobiles \u00e0 Vancouver et dans les villes environnantes. Bien que nous relevions de la m\u00eame juridiction que tout autre spa mobile de la ville de Vancouver, nos normes\/op\u00e9rations \u00e0 Vancouver sont exactement les m\u00eames normes\/op\u00e9rations que nos sites en Alberta (qui ont pass\u00e9 les inspections sanitaires avec brio !). Feel Fabulous Mobile Spa dispose \u00e9galement d&#8217;une assurance responsabilit\u00e9 civile professionnelle compl\u00e8te, d&#8217;une assurance produit et d&#8217;une assurance dommages pour prot\u00e9ger nos clients.<\/p>\n<p><b>Pourquoi nous embauchons du personnel en tant qu&#8217;employ\u00e9s et NON en tant qu&#8217;entrepreneurs : <\/b>Bien que nous ne puissions pas parler au nom de toutes les entreprises, il est tr\u00e8s courant pour les entreprises de spas mobiles d&#8217;embaucher et de payer du personnel en tant qu&#8217;entrepreneurs, car le processus de paie est grandement simplifi\u00e9, les exigences des normes d&#8217;emploi ne s&#8217;appliquent pas (y compris l&#8217;obligation de rembourser au personnel les heures de travail minimales, les frais de d\u00e9placement et les heures suppl\u00e9mentaires) et c&#8217;est finalement moins co\u00fbteux et moins administratif pour l&#8217;entreprise (d\u00e9duction de 12 \u00e0 15 % + des frais de paie). Lorsque les entreprises de spas mobiles choisissent de payer les membres du personnel en tant qu&#8217;entrepreneurs, le personnel doit techniquement obtenir sa propre assurance responsabilit\u00e9 civile professionnelle et assurance produit, ce qui est extr\u00eamement co\u00fbteux pour un membre du personnel de garde \u00e0 temps partiel (g\u00e9n\u00e9ralement 1 000 $ + par an pour un entrepreneur ind\u00e9pendant). Si les entrepreneurs choisissent de ne pas souscrire leur propre assurance, les clients qui re\u00e7oivent des services de cet entrepreneur (m\u00eame s&#8217;ils ont r\u00e9serv\u00e9 par l&#8217;interm\u00e9diaire d&#8217;une \u00ab soci\u00e9t\u00e9 m\u00e8re \u00bb) n&#8217;ont malheureusement aucune protection en cas de blessure, etc. survenant lors de leur f\u00eate. Les employ\u00e9s qui travaillent en tant que sous-traitants ne sont souvent pas conscients des implications juridiques d\u2019un tel accord de travail \u2013 ils deviennent responsables en cas de blessure, etc. du fait m\u00eame qu\u2019ils sont pay\u00e9s en tant que sous-traitants. Bien que nous reconnaissions qu\u2019il existe une tr\u00e8s faible probabilit\u00e9 qu\u2019un incident se produise et n\u00e9cessite une couverture d\u2019assurance, cela ne signifie pas que quelque chose ne peut pas se produire. Au cours de nos 14 ann\u00e9es d\u2019activit\u00e9, nous n\u2019avons jamais eu de r\u00e9clamation, mais nous basons cela uniquement sur la formation et les comp\u00e9tences de notre personnel. Comme cela profite \u00e0 la fois \u00e0 nos clients et \u00e0 nos employ\u00e9s, Feel Fabulous Mobile Spa n\u2019embauche pas de personnel en tant que sous-traitant mais entretient une relation employeur-employ\u00e9 avec tout le personnel. Ils ont alors droit \u00e0 des avantages li\u00e9s \u00e0 l\u2019emploi tels que l\u2019indemnisation des accidents du travail, l\u2019assurance-emploi et des avantages l\u00e9gitimes tels que les heures suppl\u00e9mentaires.<\/p>\n<p>De plus, toutes les fournitures du spa mobile sont achet\u00e9es et fournies au personnel (le personnel n\u2019est pas tenu d\u2019acheter et d\u2019utiliser ses propres fournitures), afin d\u2019assurer la continuit\u00e9 de la prestation de services, la d\u00e9sinfection ad\u00e9quate et la qualit\u00e9 des produits\/instruments utilis\u00e9s.<\/p>\n<h6><span style=\"color: #dd609c;\">PRENEZ UNE D\u00c9CISION \u00c9CLAIR\u00c9E<\/span><\/h6>\n<p>Lorsque vous choisissez une entreprise de spa mobile ou de f\u00eate d&#8217;anniversaire pour votre prochain \u00e9v\u00e9nement, nous vous sugg\u00e9rons de prendre en compte les questions suivantes&nbsp;:<\/p>\n<p><ul><li>L&#8217;entreprise est-elle inspect\u00e9e et approuv\u00e9e par les autorit\u00e9s sanitaires de l&#8217;Alberta&nbsp;?<\/li><li>L&#8217;entreprise est-elle titulaire d&#8217;un permis d&#8217;exploitation valide&nbsp;?<\/li><li>En cas de blessure accidentelle caus\u00e9e par un service de spa professionnel ou de dommages caus\u00e9s par un technicien \u00e0 votre domicile, l&#8217;entreprise que vous envisagez d&#8217;embaucher poss\u00e8de-t-elle une assurance responsabilit\u00e9 civile&nbsp;? Le g\u00e9rant\/propri\u00e9taire peut-il nommer la compagnie d&#8217;assurance lorsqu&#8217;on lui demande&nbsp;?<\/li><li>Le personnel est-il embauch\u00e9 en tant qu&#8217;entrepreneur ou employ\u00e9&nbsp;? S&#8217;il s&#8217;agit d&#8217;entrepreneurs, la soci\u00e9t\u00e9 m\u00e8re est-elle en mesure de v\u00e9rifier qu&#8217;en plus de leur propre assurance, les entrepreneurs disposent d&#8217;une assurance responsabilit\u00e9 civile distincte&nbsp;? Le g\u00e9rant\/propri\u00e9taire peut-il nommer la compagnie d&#8217;assurance de ses entrepreneurs lorsqu&#8217;on lui demande&nbsp;? Ont-ils obtenu des copies des renouvellements annuels de polices d&#8217;assurance&nbsp;?<\/li><li>L&#8217;entreprise est-elle en mesure de v\u00e9rifier que les entrepreneurs ont une couverture d&#8217;assurance Worksafe BC ou AB, car ils entreront dans votre domicile\/bureau\/emplacement&nbsp;? Seraient-ils en mesure de fournir des lettres d&#8217;autorisation aux entrepreneurs si on le leur demandait&nbsp;? (ou fournissez les noms complets des employ\u00e9s afin que vous puissiez effectuer vous-m\u00eame une recherche sur le site Web de Worksafe BC ou AB)<\/li><li>Si l&#8217;entreprise embauche du personnel en tant qu&#8217;employ\u00e9s, l&#8217;entreprise est-elle inscrite \u00e0 la couverture Worksafe (le fait de ne pas \u00eatre inscrit peut impliquer que le personnel est embauch\u00e9 en tant qu&#8217;entrepreneur) ? De plus, lors d&#8217;une recherche en ligne sur le site Web de Worksafe BC ou AB, peut-on obtenir une lettre d&#8217;autorisation pour l&#8217;entreprise (qui d\u00e9montrerait qu&#8217;elle est \u00e0 jour dans ses versements) ?<\/li><li>Le personnel\/les entrepreneurs utilisent-ils leurs propres fournitures lors des r\u00e9servations ? Si tel est le cas, compte tenu du co\u00fbt \u00e9lev\u00e9 des fournitures de spa de qualit\u00e9, comment l&#8217;entreprise s&#8217;assure-t-elle de r\u00e9pondre aux exigences de normalisation, de propret\u00e9 et de qualit\u00e9 ?<\/li><li>Quelle formation interne est dispens\u00e9e aux nouveaux employ\u00e9s ? Leur explication satisfait-elle ce que vous jugez acceptable ? Depuis combien de temps les employ\u00e9s qui assisteront \u00e0 votre f\u00eate travaillent-ils dans l&#8217;entreprise ?<\/li><li>Depuis combien de temps l&#8217;entreprise est-elle en activit\u00e9 ? Le propri\u00e9taire exploite-t-il son entreprise \u00e0 temps plein (c&#8217;est-\u00e0-dire son seul emploi) ou travaille-t-il ailleurs ? S&#8217;ils travaillent \u00e0 temps plein ou \u00e0 temps partiel ailleurs, pensez-vous que cela leur donne le temps de vraiment se sp\u00e9cialiser et de personnaliser leur entreprise, de former correctement leurs employ\u00e9s et de r\u00e9pondre \u00e0 une demande ou \u00e0 un probl\u00e8me urgent de votre part si cela se produit ?<\/li><\/ul><\/p>\n<p><b>Responsabilit\u00e9 potentielle du client : <\/b>si un spa mobile n&#8217;a pas d&#8217;assurance responsabilit\u00e9 professionnelle pour les employ\u00e9s ou s&#8217;il embauche du personnel en tant que sous-traitant et que les sous-traitants n&#8217;ont pas leur propre assurance, un accident tel qu&#8217;un membre du personnel glissant sur l&#8217;all\u00e9e glac\u00e9e d&#8217;un client pourrait \u00e9galement entra\u00eener la responsabilit\u00e9 l\u00e9gale du client (\u00e9tant donn\u00e9 que l&#8217;assurance de l&#8217;entreprise ne couvrirait pas les sous-traitants, ils devraient utiliser leur propre assurance et Worksafe AB exigerait que le sous-traitant ait choisi la couverture facultative de Worksafe AB).<\/p>\n<p>Nous recommandons vivement aux clients de faire preuve de diligence raisonnable et de faire des recherches avant de choisir une entreprise de spa mobile. Faites de votre prochaine f\u00eate de spa mobile une exp\u00e9rience s\u00fbre !<\/p>\t\t\t\t\t\t<\/div>\n\t\t\t\t<\/div>\n\t\t\t\t\t<\/div>\n\t\t<\/div>\n\t\t\t\t\t<\/div>\n\t\t<\/section>\n\t\t\t\t<\/div>\n\t\t<div style=\"margin: 20px 0;\"><div class=\"qrcswholewtapper\" style=\"text-align:left;\"><div class=\"qrcprowrapper\"  id=\"qrcwraa2leds\"><div class=\"qrc_canvass\" id=\"qrc_cuttenpages_2\" style=\"display:inline-block\" data-text=\"https:\/\/feelfabulous.ca\/fr\/cleanliness-and-safety\/\"><\/div><div><a download=\"Normes de propret\u00e9 et de s\u00e9curit\u00e9.png\" class=\"qrcdownloads\" id=\"worign\">\r\n           <button type=\"button\" style=\"min-width:500px;background:#44d813;color:#000;font-weight: 600;border: 1px solid #44d813;border-radius:20px;font-size:12px;padding: 6px 0;\" class=\"uqr_code_btn\">Download QR<\/button>\r\n           <\/a><\/div><\/div><\/div><\/div>","protected":false},"excerpt":{"rendered":"<p>Normes De Propret\u00e9 Et De S\u00e9curit\u00e9 Soins des ongles\u00a0: nous utilisons une nouvelle lime \u00e0 ongles, un polissoir \u00e0 ongles et des s\u00e9parateurs d&#8217;orteils pour chaque enfant. Chaque enfant re\u00e7oit son propre coupe-ongles \u00e0 utiliser lors d&#8217;une f\u00eate. Pour les services d&#8217;ongles pour adultes, nous utilisons des tampons de lime \u00e0 pieds jetables et auto-adh\u00e9sifs [&hellip;]<\/p>\n","protected":false},"author":1,"featured_media":0,"parent":0,"menu_order":0,"comment_status":"closed","ping_status":"closed","template":"elementor_header_footer","meta":{"footnotes":""},"class_list":["post-2012","page","type-page","status-publish","hentry"],"_links":{"self":[{"href":"https:\/\/feelfabulous.ca\/fr\/wp-json\/wp\/v2\/pages\/2012","targetHints":{"allow":["GET"]}}],"collection":[{"href":"https:\/\/feelfabulous.ca\/fr\/wp-json\/wp\/v2\/pages"}],"about":[{"href":"https:\/\/feelfabulous.ca\/fr\/wp-json\/wp\/v2\/types\/page"}],"author":[{"embeddable":true,"href":"https:\/\/feelfabulous.ca\/fr\/wp-json\/wp\/v2\/users\/1"}],"replies":[{"embeddable":true,"href":"https:\/\/feelfabulous.ca\/fr\/wp-json\/wp\/v2\/comments?post=2012"}],"version-history":[{"count":0,"href":"https:\/\/feelfabulous.ca\/fr\/wp-json\/wp\/v2\/pages\/2012\/revisions"}],"wp:attachment":[{"href":"https:\/\/feelfabulous.ca\/fr\/wp-json\/wp\/v2\/media?parent=2012"}],"curies":[{"name":"wp","href":"https:\/\/api.w.org\/{rel}","templated":true}]}}